{"id":54,"date":"2016-05-18T10:46:22","date_gmt":"2016-05-18T08:46:22","guid":{"rendered":"http:\/\/www.yvesmuguet-infographiste.com\/site-demo\/?page_id=54"},"modified":"2016-05-18T10:52:31","modified_gmt":"2016-05-18T08:52:31","slug":"home","status":"publish","type":"page","link":"http:\/\/www.yvesmuguet-infographiste.com\/site-demo\/","title":{"rendered":"Home"},"content":{"rendered":"<script type=\"text\/javascript\">\r\n\tjQuery( document ).ready(function( jQuery ) {\r\n\t\tjQuery( '#example3_7' ).sliderPro({\r\n\t\t\t\/\/width\r\n\t\t\t\t\t\twidth: 800,\r\n\t\t\t\t\t\t\r\n\t\t\t\/\/height\r\n\t\t\t\t\t\theight: 500,\r\n\t\t\t\t\t\t\r\n\t\t\t\/\/autoplay\r\n\t\t\t\t\t\t\t\t\tautoplay: true,\r\n\t\t\tautoplayOnHover: 'pause',\r\n\t\t\t\t\t\t\t\t\tautoplayDelay: 5000,\r\n\t\t\t\r\n\t\t\t\r\n\t\t\tarrows: true,\r\n\t\t\tbuttons: true,\r\n\t\t\tsmallSize: 500,\r\n\t\t\tmediumSize: 1000,\r\n\t\t\tlargeSize: 3000,\r\n\t\t\tfade: true,\r\n\t\t\t\r\n\t\t\t\/\/thumbnail\r\n\t\t\tthumbnailArrows: true,\r\n\t\t\tthumbnailWidth: 100,\r\n\t\t\tthumbnailHeight: 120,\r\n\t\t\t\t\t\t\t\t\tthumbnailsPosition: 'bottom',\r\n\t\t\t\t\t\t\t\t\tcenterImage: true,\r\n\t\t\tallowScaleUp: true,\r\n\t\t\t\t\t\tstartSlide: 0,\r\n\t\t\tloop: true,\r\n\t\t\tslideDistance: 5,\r\n\t\t\tautoplayDirection: 'normal',\r\n\t\t\ttouchSwipe: true,\r\n\t\t\tfullScreen: true,\r\n\t\t});\r\n\t});\r\n<\/script>\r\n<style>\r\n\/* Example 3 *\/\r\n\r\n\/* border *\/\r\n#example3_7 .sp-selected-thumbnail {\r\n\tborder: 4px solid #000000;\r\n}\r\n\r\n\/* font + color *\/\r\n.title-in  {\r\n\tfont-family: Arial !important;\r\n\tcolor: #000000 !important;\r\n\tbackground-color: #FFFFFF !important;\r\n\topacity: 0.7 !important;\r\n}\r\n.desc-in  {\r\n\tfont-family: Arial !important;\r\n\tcolor: #FFFFFF !important;\r\n\tbackground-color: #000000 !important;\r\n\topacity: 0.7 !important;\r\n}\r\n\r\n\/* bullets color *\/\r\n.sp-button  {\r\n\tborder: 2px solid #000000 !important;\r\n}\r\n.sp-selected-button  {\r\n\tbackground-color: #000000 !important;\r\n}\r\n\r\n\/* pointer color - bottom *\/\r\n.sp-selected-thumbnail::before {\r\n\tborder-bottom: 5px solid #000000 !important;\r\n}\r\n.sp-selected-thumbnail::after {\r\n\tborder-bottom: 13px solid #000000 !important;\r\n}\r\n\r\n\/* pointer color - top *\/\r\n\r\n\r\n\/* full screen icon *\/\r\n.sp-full-screen-button::before {\r\n    color: #FFFFFF !important;\r\n}\r\n\r\n\/* hover navigation icon color *\/\r\n.sp-next-arrow::after, .sp-next-arrow::before {\r\n\tbackground-color: #FFFFFF !important;\r\n}\r\n.sp-previous-arrow::after, .sp-previous-arrow::before {\r\n\tbackground-color: #FFFFFF !important;\r\n}\r\n\r\n\r\n#example3_7 .title-in {\r\n\tcolor:  !important;\r\n\tfont-weight: bolder;\r\n\ttext-align: center;\r\n}\r\n\r\n#example3_7 .title-in-bg {\r\n\tbackground: rgba(255, 255, 255, 0.7); !important;\r\n\twhite-space: unset !important;\r\n\tmax-width: 90%;\r\n\tmin-width: 40%;\r\n\ttransform: initial !important;\r\n\t-webkit-transform: initial !important;\r\n\tfont-size: 14px !important;\r\n}\r\n\r\n#example3_7 .desc-in {\r\n\tcolor:  !important;\r\n\ttext-align: center;\r\n}\r\n#example3_7 .desc-in-bg {\r\n\tbackground: rgba(, ) !important;\r\n\twhite-space: unset !important;\r\n\twidth: 80% !important;\r\n\tmin-width: 30%;\r\n\ttransform: initial !important;\r\n\t-webkit-transform: initial !important;\r\n\tfont-size: 13px !important;\r\n}\r\n\r\n@media (max-width: 640px) {\r\n\t#example3_7 .hide-small-screen {\r\n\t\tdisplay: none;\r\n\t}\r\n}\r\n\r\n@media (max-width: 860px) {\r\n\t#example3_7 .sp-layer {\r\n\t\tfont-size: 18px;\r\n\t}\r\n\t\r\n\t#example3_7 .hide-medium-screen {\r\n\t\tdisplay: none;\r\n\t}\r\n}\r\n\/* Custom CSS *\/\r\n<\/style>\r\n<div id=\"example3_7\" class=\"slider-pro\">\r\n\t<!---- slides div start ---->\r\n\t<div class=\"sp-slides\">\r\n\t\t\t\t<div class=\"sp-slide\">\r\n\t\t\t<img class=\"sp-image\" alt=\"http:\/\/Qui%20suis-%20je%20?\" src=\"\" \r\n\t\t\t\tdata-src=\"http:\/\/www.yvesmuguet-infographiste.com\/site-demo\/wp-content\/uploads\/2016\/05\/comment-bien-planter-ses-tomates.jpg\"\r\n\t\t\t\tdata-small=\"http:\/\/www.yvesmuguet-infographiste.com\/site-demo\/wp-content\/uploads\/2016\/05\/comment-bien-planter-ses-tomates.jpg\"\r\n\t\t\t\tdata-medium=\"http:\/\/www.yvesmuguet-infographiste.com\/site-demo\/wp-content\/uploads\/2016\/05\/comment-bien-planter-ses-tomates.jpg\"\r\n\t\t\t\tdata-large=\"http:\/\/www.yvesmuguet-infographiste.com\/site-demo\/wp-content\/uploads\/2016\/05\/comment-bien-planter-ses-tomates.jpg\"\r\n\t\t\t\tdata-retina=\"http:\/\/www.yvesmuguet-infographiste.com\/site-demo\/wp-content\/uploads\/2016\/05\/comment-bien-planter-ses-tomates.jpg\"\/>\r\n\r\n\t\t\t\t\t\t<p class=\"sp-layer sp-white sp-padding title-in title-in-bg hide-small-screen\" \r\n\t\t\t\tdata-position=\"centerCenter\"\r\n\t\t\t\tdata-vertical=\"-14%\"\r\n\t\t\t\tdata-show-transition=\"left\" data-show-delay=\"500\">\r\n\t\t\t\tQui suis- je ?\t\t\t<\/p>\r\n\t\t\t\r\n\t\t\t\t\t\t<p class=\"sp-layer sp-black sp-padding desc-in desc-in-bg hide-medium-screen\" \r\n\t\t\t\tdata-position=\"centerCenter\"\r\n\t\t\t\tdata-vertical=\"14%\"\r\n\t\t\t\tdata-show-transition=\"right\" data-show-delay=\"500\">\r\n\t\t\t\tJ&#039;ai travaill\u00e9 en agriculture biologique pendant 18 ans, tout d&#039;abord en arboriculture fruiti\u00e8re (emplois saisonniers, cr\u00e9ations de vergers et tailles fruitiers) puis en mara\u00eechage bio, \u00e0 mon compte.\t\t\t<\/p>\r\n\t\t\t\t\t<\/div>\r\n\t\t\t\t<div class=\"sp-slide\">\r\n\t\t\t<img class=\"sp-image\" alt=\"http:\/\/Eco-responsable%20avant%20tout%20!\" src=\"\" \r\n\t\t\t\tdata-src=\"http:\/\/www.yvesmuguet-infographiste.com\/site-demo\/wp-content\/uploads\/2016\/05\/panier-potager-legumes-sante.jpg\"\r\n\t\t\t\tdata-small=\"http:\/\/www.yvesmuguet-infographiste.com\/site-demo\/wp-content\/uploads\/2016\/05\/panier-potager-legumes-sante.jpg\"\r\n\t\t\t\tdata-medium=\"http:\/\/www.yvesmuguet-infographiste.com\/site-demo\/wp-content\/uploads\/2016\/05\/panier-potager-legumes-sante.jpg\"\r\n\t\t\t\tdata-large=\"http:\/\/www.yvesmuguet-infographiste.com\/site-demo\/wp-content\/uploads\/2016\/05\/panier-potager-legumes-sante.jpg\"\r\n\t\t\t\tdata-retina=\"http:\/\/www.yvesmuguet-infographiste.com\/site-demo\/wp-content\/uploads\/2016\/05\/panier-potager-legumes-sante.jpg\"\/>\r\n\r\n\t\t\t\t\t\t<p class=\"sp-layer sp-white sp-padding title-in title-in-bg hide-small-screen\" \r\n\t\t\t\tdata-position=\"centerCenter\"\r\n\t\t\t\tdata-vertical=\"-14%\"\r\n\t\t\t\tdata-show-transition=\"left\" data-show-delay=\"500\">\r\n\t\t\t\tEco-responsable avant tout !\t\t\t<\/p>\r\n\t\t\t\r\n\t\t\t\t\t\t<p class=\"sp-layer sp-black sp-padding desc-in desc-in-bg hide-medium-screen\" \r\n\t\t\t\tdata-position=\"centerCenter\"\r\n\t\t\t\tdata-vertical=\"14%\"\r\n\t\t\t\tdata-show-transition=\"right\" data-show-delay=\"500\">\r\n\t\t\t\tM\u00eame \u00e0 titre professionnel, j&#039;ai toujours privil\u00e9gier une fa\u00e7on de travailler r\u00e9solument respectueuse des \u00e9quilibres naturels : travail du sol limit\u00e9 au strict minimum, couvertures organiques, planches de cultures permanentes, buttes vivantes, diversification et associations de cultures....\t\t\t<\/p>\r\n\t\t\t\t\t<\/div>\r\n\t\t\t\t<div class=\"sp-slide\">\r\n\t\t\t<img class=\"sp-image\" alt=\"http:\/\/Pour%20une%20alimentation%20plus%20biologique%20!\" src=\"\" \r\n\t\t\t\tdata-src=\"http:\/\/www.yvesmuguet-infographiste.com\/site-demo\/wp-content\/uploads\/2016\/05\/comment-bien-planter-les-haricots-verts-sillons-et-pluie.jpg\"\r\n\t\t\t\tdata-small=\"http:\/\/www.yvesmuguet-infographiste.com\/site-demo\/wp-content\/uploads\/2016\/05\/comment-bien-planter-les-haricots-verts-sillons-et-pluie.jpg\"\r\n\t\t\t\tdata-medium=\"http:\/\/www.yvesmuguet-infographiste.com\/site-demo\/wp-content\/uploads\/2016\/05\/comment-bien-planter-les-haricots-verts-sillons-et-pluie.jpg\"\r\n\t\t\t\tdata-large=\"http:\/\/www.yvesmuguet-infographiste.com\/site-demo\/wp-content\/uploads\/2016\/05\/comment-bien-planter-les-haricots-verts-sillons-et-pluie.jpg\"\r\n\t\t\t\tdata-retina=\"http:\/\/www.yvesmuguet-infographiste.com\/site-demo\/wp-content\/uploads\/2016\/05\/comment-bien-planter-les-haricots-verts-sillons-et-pluie.jpg\"\/>\r\n\r\n\t\t\t\t\t\t<p class=\"sp-layer sp-white sp-padding title-in title-in-bg hide-small-screen\" \r\n\t\t\t\tdata-position=\"centerCenter\"\r\n\t\t\t\tdata-vertical=\"-14%\"\r\n\t\t\t\tdata-show-transition=\"left\" data-show-delay=\"500\">\r\n\t\t\t\tPour une alimentation plus biologique !\t\t\t<\/p>\r\n\t\t\t\r\n\t\t\t\t\t\t<p class=\"sp-layer sp-black sp-padding desc-in desc-in-bg hide-medium-screen\" \r\n\t\t\t\tdata-position=\"centerCenter\"\r\n\t\t\t\tdata-vertical=\"14%\"\r\n\t\t\t\tdata-show-transition=\"right\" data-show-delay=\"500\">\r\n\t\t\t\tAyant arr\u00eat\u00e9 mes activit\u00e9s de mara\u00eechage fin 2015 suite \u00e0 quelques soucis physiques, je souhaite me consacrer d\u00e9sormais au partage de mon exp\u00e9rience avec des jardiniers soucieux de la pr\u00e9servation de notre environnement naturel et ayant, pourquoi pas, pour ambition de nourrir leurs familles ...\t\t\t<\/p>\r\n\t\t\t\t\t<\/div>\r\n\t\t\t\t\r\n\t<\/div>\r\n\t\r\n\t<!---- slides div end ---->\r\n\t\t<!-- slides thumbnails div end -->\r\n\t\r\n<\/div>\r\n\n","protected":false},"excerpt":{"rendered":"","protected":false},"author":1,"featured_media":0,"parent":0,"menu_order":0,"comment_status":"closed","ping_status":"closed","template":"page-templates\/page-home.php","meta":[],"_links":{"self":[{"href":"http:\/\/www.yvesmuguet-infographiste.com\/site-demo\/wp-json\/wp\/v2\/pages\/54"}],"collection":[{"href":"http:\/\/www.yvesmuguet-infographiste.com\/site-demo\/wp-json\/wp\/v2\/pages"}],"about":[{"href":"http:\/\/www.yvesmuguet-infographiste.com\/site-demo\/wp-json\/wp\/v2\/types\/page"}],"author":[{"embeddable":true,"href":"http:\/\/www.yvesmuguet-infographiste.com\/site-demo\/wp-json\/wp\/v2\/users\/1"}],"replies":[{"embeddable":true,"href":"http:\/\/www.yvesmuguet-infographiste.com\/site-demo\/wp-json\/wp\/v2\/comments?post=54"}],"version-history":[{"count":2,"href":"http:\/\/www.yvesmuguet-infographiste.com\/site-demo\/wp-json\/wp\/v2\/pages\/54\/revisions"}],"predecessor-version":[{"id":57,"href":"http:\/\/www.yvesmuguet-infographiste.com\/site-demo\/wp-json\/wp\/v2\/pages\/54\/revisions\/57"}],"wp:attachment":[{"href":"http:\/\/www.yvesmuguet-infographiste.com\/site-demo\/wp-json\/wp\/v2\/media?parent=54"}],"curies":[{"name":"wp","href":"https:\/\/api.w.org\/{rel}","templated":true}]}}