{"id":16,"date":"2016-07-04T10:46:38","date_gmt":"2016-07-04T08:46:38","guid":{"rendered":"http:\/\/www.yvesmuguet-infographiste.com\/site-fictif-oreilles-delicates\/?page_id=16"},"modified":"2016-07-09T01:25:29","modified_gmt":"2016-07-08T23:25:29","slug":"galerie","status":"publish","type":"page","link":"http:\/\/www.yvesmuguet-infographiste.com\/site-fictif-oreilles-delicates\/galerie\/","title":{"rendered":"GALERIE"},"content":{"rendered":"<div class=\"floatleft galerie\">\n<h2><span style=\"color: #5d2e10;\">STUDIO<\/span><\/h2>\n<p><a href=\"http:\/\/www.yvesmuguet-infographiste.com\/site-fictif-oreilles-delicates\/galerie\/photos-studio\/\"><img loading=\"lazy\" class=\"alignnone wp-image-130\" src=\"http:\/\/www.yvesmuguet-infographiste.com\/site-fictif-oreilles-delicates\/wp-content\/uploads\/2016\/07\/studio-enregistrement-oreilles-delicates-espace-detente-bar-ancien-violon-electrique-partitions-1024x768.jpg\" alt=\"studio-enregistrement-oreilles-delicates-espace-detente-bar-ancien-violon-electrique-partitions\" width=\"300\" height=\"225\" srcset=\"http:\/\/www.yvesmuguet-infographiste.com\/site-fictif-oreilles-delicates\/wp-content\/uploads\/2016\/07\/studio-enregistrement-oreilles-delicates-espace-detente-bar-ancien-violon-electrique-partitions-1024x768.jpg 1024w, http:\/\/www.yvesmuguet-infographiste.com\/site-fictif-oreilles-delicates\/wp-content\/uploads\/2016\/07\/studio-enregistrement-oreilles-delicates-espace-detente-bar-ancien-violon-electrique-partitions-300x225.jpg 300w, http:\/\/www.yvesmuguet-infographiste.com\/site-fictif-oreilles-delicates\/wp-content\/uploads\/2016\/07\/studio-enregistrement-oreilles-delicates-espace-detente-bar-ancien-violon-electrique-partitions-768x576.jpg 768w\" sizes=\"(max-width: 300px) 100vw, 300px\" \/><\/a><br \/>\n<a href=\"http:\/\/www.yvesmuguet-infographiste.com\/site-fictif-oreilles-delicates\/galerie\/photos-studio\/\">Visionnez les photos du studio d&rsquo;enregistrement<\/a><\/p>\n<\/div>\n<div class=\"floatleft galerie\">\n<h2><span style=\"color: #50a2dc;\">ENREGISTREMENT<\/span><\/h2>\n<p><a href=\"http:\/\/www.yvesmuguet-infographiste.com\/site-fictif-oreilles-delicates\/galerie\/photos-enregistrement\/\"><img loading=\"lazy\" class=\"alignnone size-medium wp-image-280\" src=\"http:\/\/www.yvesmuguet-infographiste.com\/site-fictif-oreilles-delicates\/wp-content\/uploads\/2016\/07\/enregistrement-studio-oreilles-delicates-bureau-ingenieur-son-sieges-clients-bleu-2-horizontale-300x225.jpg\" alt=\"enregistrement-studio-oreilles-delicates-bureau-ingenieur-son-sieges-clients-bleu-2-horizontale\" width=\"300\" height=\"225\" srcset=\"http:\/\/www.yvesmuguet-infographiste.com\/site-fictif-oreilles-delicates\/wp-content\/uploads\/2016\/07\/enregistrement-studio-oreilles-delicates-bureau-ingenieur-son-sieges-clients-bleu-2-horizontale-300x225.jpg 300w, http:\/\/www.yvesmuguet-infographiste.com\/site-fictif-oreilles-delicates\/wp-content\/uploads\/2016\/07\/enregistrement-studio-oreilles-delicates-bureau-ingenieur-son-sieges-clients-bleu-2-horizontale-768x576.jpg 768w, http:\/\/www.yvesmuguet-infographiste.com\/site-fictif-oreilles-delicates\/wp-content\/uploads\/2016\/07\/enregistrement-studio-oreilles-delicates-bureau-ingenieur-son-sieges-clients-bleu-2-horizontale-1024x768.jpg 1024w\" sizes=\"(max-width: 300px) 100vw, 300px\" \/><\/a><br \/>\n<a href=\"http:\/\/www.yvesmuguet-infographiste.com\/site-fictif-oreilles-delicates\/galerie\/photos-enregistrement\/\">Examinez les photos de l&rsquo;enregistrement au studio<\/a><\/p>\n<\/div>\n<div class=\"floatleft galerie\">\n<h2><span style=\"color: #d73e43;\">H\u00c9BERGEMENT<\/span><\/h2>\n<p><a href=\"http:\/\/www.yvesmuguet-infographiste.com\/site-fictif-oreilles-delicates\/galerie\/photos-hbergement\/\"><img loading=\"lazy\" class=\"alignnone size-medium wp-image-282\" src=\"http:\/\/www.yvesmuguet-infographiste.com\/site-fictif-oreilles-delicates\/wp-content\/uploads\/2016\/07\/hebergement-campagne-oreilles-delicates-salle-de-bain-douche-jets-eau-haute-rouge-horizontale-300x225.jpg\" alt=\"hebergement-campagne-oreilles-delicates-salle-de-bain-douche-jets-eau-haute-rouge-horizontale\" width=\"300\" height=\"225\" srcset=\"http:\/\/www.yvesmuguet-infographiste.com\/site-fictif-oreilles-delicates\/wp-content\/uploads\/2016\/07\/hebergement-campagne-oreilles-delicates-salle-de-bain-douche-jets-eau-haute-rouge-horizontale-300x225.jpg 300w, http:\/\/www.yvesmuguet-infographiste.com\/site-fictif-oreilles-delicates\/wp-content\/uploads\/2016\/07\/hebergement-campagne-oreilles-delicates-salle-de-bain-douche-jets-eau-haute-rouge-horizontale-768x576.jpg 768w, http:\/\/www.yvesmuguet-infographiste.com\/site-fictif-oreilles-delicates\/wp-content\/uploads\/2016\/07\/hebergement-campagne-oreilles-delicates-salle-de-bain-douche-jets-eau-haute-rouge-horizontale-1024x768.jpg 1024w\" sizes=\"(max-width: 300px) 100vw, 300px\" \/><\/a><br \/>\n<a href=\"http:\/\/www.yvesmuguet-infographiste.com\/site-fictif-oreilles-delicates\/galerie\/photos-hbergement\/\">Visualisez les photos de l&rsquo;h\u00e9bergement \u00e0 la campagne<\/a><\/p>\n<\/div>\n<div class=\"floatleft galerie\">\n<h2><span style=\"color: #e1ea43;\">CAMPAGNE<\/span><\/h2>\n<p><a href=\"http:\/\/www.yvesmuguet-infographiste.com\/site-fictif-oreilles-delicates\/galerie\/photos-campagne\/\"><img loading=\"lazy\" class=\"alignnone size-medium wp-image-284\" src=\"http:\/\/www.yvesmuguet-infographiste.com\/site-fictif-oreilles-delicates\/wp-content\/uploads\/2016\/07\/campagne-hebergement-oreilles-delicates-potager-jardin-fraisiers-charlotte-degustation-partage-amis-musique-paysage-300x225.jpg\" alt=\"campagne-hebergement-oreilles-delicates-potager-jardin-fraisiers-charlotte-degustation-partage-amis-musique-paysage\" width=\"300\" height=\"225\" srcset=\"http:\/\/www.yvesmuguet-infographiste.com\/site-fictif-oreilles-delicates\/wp-content\/uploads\/2016\/07\/campagne-hebergement-oreilles-delicates-potager-jardin-fraisiers-charlotte-degustation-partage-amis-musique-paysage-300x225.jpg 300w, http:\/\/www.yvesmuguet-infographiste.com\/site-fictif-oreilles-delicates\/wp-content\/uploads\/2016\/07\/campagne-hebergement-oreilles-delicates-potager-jardin-fraisiers-charlotte-degustation-partage-amis-musique-paysage-768x576.jpg 768w, http:\/\/www.yvesmuguet-infographiste.com\/site-fictif-oreilles-delicates\/wp-content\/uploads\/2016\/07\/campagne-hebergement-oreilles-delicates-potager-jardin-fraisiers-charlotte-degustation-partage-amis-musique-paysage-1024x768.jpg 1024w\" sizes=\"(max-width: 300px) 100vw, 300px\" \/><\/a><br \/>\n<a href=\"http:\/\/www.yvesmuguet-infographiste.com\/site-fictif-oreilles-delicates\/galerie\/photos-campagne\/\">Regardez les photos de la campagne de l&rsquo;h\u00e9bergement<\/a><\/p>\n<\/div>\n","protected":false},"excerpt":{"rendered":"<p>STUDIO Visionnez les photos du studio d&rsquo;enregistrement ENREGISTREMENT Examinez les photos de l&rsquo;enregistrement au studio H\u00c9BERGEMENT Visualisez les photos de l&rsquo;h\u00e9bergement \u00e0 la campagne CAMPAGNE Regardez les photos de la campagne de l&rsquo;h\u00e9bergement<\/p>\n","protected":false},"author":1,"featured_media":123,"parent":0,"menu_order":3,"comment_status":"closed","ping_status":"closed","template":"","meta":[],"_links":{"self":[{"href":"http:\/\/www.yvesmuguet-infographiste.com\/site-fictif-oreilles-delicates\/wp-json\/wp\/v2\/pages\/16"}],"collection":[{"href":"http:\/\/www.yvesmuguet-infographiste.com\/site-fictif-oreilles-delicates\/wp-json\/wp\/v2\/pages"}],"about":[{"href":"http:\/\/www.yvesmuguet-infographiste.com\/site-fictif-oreilles-delicates\/wp-json\/wp\/v2\/types\/page"}],"author":[{"embeddable":true,"href":"http:\/\/www.yvesmuguet-infographiste.com\/site-fictif-oreilles-delicates\/wp-json\/wp\/v2\/users\/1"}],"replies":[{"embeddable":true,"href":"http:\/\/www.yvesmuguet-infographiste.com\/site-fictif-oreilles-delicates\/wp-json\/wp\/v2\/comments?post=16"}],"version-history":[{"count":23,"href":"http:\/\/www.yvesmuguet-infographiste.com\/site-fictif-oreilles-delicates\/wp-json\/wp\/v2\/pages\/16\/revisions"}],"predecessor-version":[{"id":672,"href":"http:\/\/www.yvesmuguet-infographiste.com\/site-fictif-oreilles-delicates\/wp-json\/wp\/v2\/pages\/16\/revisions\/672"}],"wp:featuredmedia":[{"embeddable":true,"href":"http:\/\/www.yvesmuguet-infographiste.com\/site-fictif-oreilles-delicates\/wp-json\/wp\/v2\/media\/123"}],"wp:attachment":[{"href":"http:\/\/www.yvesmuguet-infographiste.com\/site-fictif-oreilles-delicates\/wp-json\/wp\/v2\/media?parent=16"}],"curies":[{"name":"wp","href":"https:\/\/api.w.org\/{rel}","templated":true}]}}