{"id":18,"date":"2016-07-04T11:38:44","date_gmt":"2016-07-04T09:38:44","guid":{"rendered":"http:\/\/www.yvesmuguet-infographiste.com\/site-fictif-oreilles-delicates\/?page_id=18"},"modified":"2016-07-07T12:07:37","modified_gmt":"2016-07-07T10:07:37","slug":"coute","status":"publish","type":"page","link":"http:\/\/www.yvesmuguet-infographiste.com\/site-fictif-oreilles-delicates\/coute\/","title":{"rendered":"&Eacute;COUTE"},"content":{"rendered":"<div class=\"floatleft ecoute\">\n<h2><span style=\"color: #5d2e10;\">PRISES DE SON<\/span><\/h2>\n<p><a href=\"http:\/\/www.yvesmuguet-infographiste.com\/site-fictif-oreilles-delicates\/coute\/audios-de-prises-de-son\/\"><img loading=\"lazy\" class=\"alignnone size-medium wp-image-309\" src=\"http:\/\/www.yvesmuguet-infographiste.com\/site-fictif-oreilles-delicates\/wp-content\/uploads\/2016\/07\/prise-de-son-oreilles-delicates-espace-detente-micro-haut-de-gamme-cheminee-300x225.jpg\" alt=\"prise-de-son-oreilles-delicates-espace-detente-micro-haut-de-gamme-cheminee\" width=\"300\" height=\"225\" srcset=\"http:\/\/www.yvesmuguet-infographiste.com\/site-fictif-oreilles-delicates\/wp-content\/uploads\/2016\/07\/prise-de-son-oreilles-delicates-espace-detente-micro-haut-de-gamme-cheminee-300x225.jpg 300w, http:\/\/www.yvesmuguet-infographiste.com\/site-fictif-oreilles-delicates\/wp-content\/uploads\/2016\/07\/prise-de-son-oreilles-delicates-espace-detente-micro-haut-de-gamme-cheminee-768x576.jpg 768w, http:\/\/www.yvesmuguet-infographiste.com\/site-fictif-oreilles-delicates\/wp-content\/uploads\/2016\/07\/prise-de-son-oreilles-delicates-espace-detente-micro-haut-de-gamme-cheminee-1024x768.jpg 1024w, http:\/\/www.yvesmuguet-infographiste.com\/site-fictif-oreilles-delicates\/wp-content\/uploads\/2016\/07\/prise-de-son-oreilles-delicates-espace-detente-micro-haut-de-gamme-cheminee.jpg 1654w\" sizes=\"(max-width: 300px) 100vw, 300px\" \/><\/a><\/p>\n<p><a href=\"http:\/\/www.yvesmuguet-infographiste.com\/site-fictif-oreilles-delicates\/coute\/audios-de-prises-de-son\/\">\u00c9coutez les audios de nos prises de son<\/a><\/p>\n<\/div>\n<div class=\"floatleft ecoute\">\n<h2><span style=\"color: #50a2dc;\">MIXAGES<\/span><\/h2>\n<p><a href=\"http:\/\/www.yvesmuguet-infographiste.com\/site-fictif-oreilles-delicates\/coute\/audios-de-mixages\/\"><img loading=\"lazy\" class=\"alignnone size-medium wp-image-310\" src=\"http:\/\/www.yvesmuguet-infographiste.com\/site-fictif-oreilles-delicates\/wp-content\/uploads\/2016\/07\/mixage-oreilles-delicates-bureau-ingenieur-son-table-de-mixage-casque-audio-ecouteurs-musique-300x225.jpg\" alt=\"mixage-oreilles-delicates-bureau-ingenieur-son-table-de-mixage-casque-audio-ecouteurs-musique\" width=\"300\" height=\"225\" srcset=\"http:\/\/www.yvesmuguet-infographiste.com\/site-fictif-oreilles-delicates\/wp-content\/uploads\/2016\/07\/mixage-oreilles-delicates-bureau-ingenieur-son-table-de-mixage-casque-audio-ecouteurs-musique-300x225.jpg 300w, http:\/\/www.yvesmuguet-infographiste.com\/site-fictif-oreilles-delicates\/wp-content\/uploads\/2016\/07\/mixage-oreilles-delicates-bureau-ingenieur-son-table-de-mixage-casque-audio-ecouteurs-musique-768x576.jpg 768w, http:\/\/www.yvesmuguet-infographiste.com\/site-fictif-oreilles-delicates\/wp-content\/uploads\/2016\/07\/mixage-oreilles-delicates-bureau-ingenieur-son-table-de-mixage-casque-audio-ecouteurs-musique.jpg 905w\" sizes=\"(max-width: 300px) 100vw, 300px\" \/><\/a><\/p>\n<p><a href=\"http:\/\/www.yvesmuguet-infographiste.com\/site-fictif-oreilles-delicates\/coute\/audios-de-mixages\/\">Entendez les audios de nos mixages<\/a><\/p>\n<\/div>\n<div class=\"floatleft ecoute\">\n<h2><span style=\"color: #d73e43;\">MASTERINGS<\/span><\/h2>\n<p><a href=\"http:\/\/www.yvesmuguet-infographiste.com\/site-fictif-oreilles-delicates\/coute\/audios-de-masterings\/\"><img loading=\"lazy\" class=\"alignnone size-medium wp-image-311\" src=\"http:\/\/www.yvesmuguet-infographiste.com\/site-fictif-oreilles-delicates\/wp-content\/uploads\/2016\/07\/mastering-oreilles-delicates-bureau-ingenieur-son-ecouteurs-ecrans-clavier-souris-ampli-musique-300x225.jpg\" alt=\"mastering-oreilles-delicates-bureau-ingenieur-son-ecouteurs-ecrans-clavier-souris-ampli-musique\" width=\"300\" height=\"225\" srcset=\"http:\/\/www.yvesmuguet-infographiste.com\/site-fictif-oreilles-delicates\/wp-content\/uploads\/2016\/07\/mastering-oreilles-delicates-bureau-ingenieur-son-ecouteurs-ecrans-clavier-souris-ampli-musique-300x225.jpg 300w, http:\/\/www.yvesmuguet-infographiste.com\/site-fictif-oreilles-delicates\/wp-content\/uploads\/2016\/07\/mastering-oreilles-delicates-bureau-ingenieur-son-ecouteurs-ecrans-clavier-souris-ampli-musique.jpg 758w\" sizes=\"(max-width: 300px) 100vw, 300px\" \/><\/a><\/p>\n<p><a href=\"http:\/\/www.yvesmuguet-infographiste.com\/site-fictif-oreilles-delicates\/coute\/audios-de-masterings\/\">Ou\u00efssez les audios de nos masterings<\/a><\/p>\n<\/div>\n<div class=\"floatleft ecoute\">\n<h2>SON BINAURAL 3D<\/h2>\n<p><a href=\"http:\/\/www.yvesmuguet-infographiste.com\/site-fictif-oreilles-delicates\/coute\/audios-de-son-binaural-3d\/\"><img loading=\"lazy\" class=\"alignnone wp-image-312 size-medium\" src=\"http:\/\/www.yvesmuguet-infographiste.com\/site-fictif-oreilles-delicates\/wp-content\/uploads\/2016\/07\/son-binaural-3d-oreilles-delicates-bureau-ingenieur-son-casque-audio-ecouteurs-ecrans-clavier-souris-cd-musique-300x225.jpg\" alt=\"son-binaural-3d-oreilles-delicates-bureau-ingenieur-son-casque-audio-ecouteurs-ecrans-clavier-souris-cd-musique\" width=\"300\" height=\"225\" srcset=\"http:\/\/www.yvesmuguet-infographiste.com\/site-fictif-oreilles-delicates\/wp-content\/uploads\/2016\/07\/son-binaural-3d-oreilles-delicates-bureau-ingenieur-son-casque-audio-ecouteurs-ecrans-clavier-souris-cd-musique-300x225.jpg 300w, http:\/\/www.yvesmuguet-infographiste.com\/site-fictif-oreilles-delicates\/wp-content\/uploads\/2016\/07\/son-binaural-3d-oreilles-delicates-bureau-ingenieur-son-casque-audio-ecouteurs-ecrans-clavier-souris-cd-musique-768x576.jpg 768w, http:\/\/www.yvesmuguet-infographiste.com\/site-fictif-oreilles-delicates\/wp-content\/uploads\/2016\/07\/son-binaural-3d-oreilles-delicates-bureau-ingenieur-son-casque-audio-ecouteurs-ecrans-clavier-souris-cd-musique-1024x768.jpg 1024w\" sizes=\"(max-width: 300px) 100vw, 300px\" \/><\/a><\/p>\n<p><a href=\"http:\/\/www.yvesmuguet-infographiste.com\/site-fictif-oreilles-delicates\/coute\/audios-de-son-binaural-3d\/\">Pr\u00eatez l&rsquo;oreille aux audios de notre son binaural 3D<\/a><\/p>\n<\/div>\n","protected":false},"excerpt":{"rendered":"<p>PRISES DE SON \u00c9coutez les audios de nos prises de son MIXAGES Entendez les audios de nos mixages MASTERINGS Ou\u00efssez les audios de nos masterings SON BINAURAL 3D Pr\u00eatez l&rsquo;oreille aux audios de notre son binaural 3D<\/p>\n","protected":false},"author":1,"featured_media":124,"parent":0,"menu_order":4,"comment_status":"closed","ping_status":"closed","template":"","meta":[],"_links":{"self":[{"href":"http:\/\/www.yvesmuguet-infographiste.com\/site-fictif-oreilles-delicates\/wp-json\/wp\/v2\/pages\/18"}],"collection":[{"href":"http:\/\/www.yvesmuguet-infographiste.com\/site-fictif-oreilles-delicates\/wp-json\/wp\/v2\/pages"}],"about":[{"href":"http:\/\/www.yvesmuguet-infographiste.com\/site-fictif-oreilles-delicates\/wp-json\/wp\/v2\/types\/page"}],"author":[{"embeddable":true,"href":"http:\/\/www.yvesmuguet-infographiste.com\/site-fictif-oreilles-delicates\/wp-json\/wp\/v2\/users\/1"}],"replies":[{"embeddable":true,"href":"http:\/\/www.yvesmuguet-infographiste.com\/site-fictif-oreilles-delicates\/wp-json\/wp\/v2\/comments?post=18"}],"version-history":[{"count":9,"href":"http:\/\/www.yvesmuguet-infographiste.com\/site-fictif-oreilles-delicates\/wp-json\/wp\/v2\/pages\/18\/revisions"}],"predecessor-version":[{"id":308,"href":"http:\/\/www.yvesmuguet-infographiste.com\/site-fictif-oreilles-delicates\/wp-json\/wp\/v2\/pages\/18\/revisions\/308"}],"wp:featuredmedia":[{"embeddable":true,"href":"http:\/\/www.yvesmuguet-infographiste.com\/site-fictif-oreilles-delicates\/wp-json\/wp\/v2\/media\/124"}],"wp:attachment":[{"href":"http:\/\/www.yvesmuguet-infographiste.com\/site-fictif-oreilles-delicates\/wp-json\/wp\/v2\/media?parent=18"}],"curies":[{"name":"wp","href":"https:\/\/api.w.org\/{rel}","templated":true}]}}