{"id":27,"date":"2016-07-04T15:42:13","date_gmt":"2016-07-04T13:42:13","guid":{"rendered":"http:\/\/www.yvesmuguet-infographiste.com\/site-fictif-oreilles-delicates\/?page_id=27"},"modified":"2016-07-09T01:22:47","modified_gmt":"2016-07-08T23:22:47","slug":"studio","status":"publish","type":"page","link":"http:\/\/www.yvesmuguet-infographiste.com\/site-fictif-oreilles-delicates\/prsentation\/studio\/","title":{"rendered":"STUDIO"},"content":{"rendered":"<p><img loading=\"lazy\" class=\"alignnone size-large wp-image-116\" src=\"http:\/\/www.yvesmuguet-infographiste.com\/site-fictif-oreilles-delicates\/wp-content\/uploads\/2016\/07\/studio-enregistrement-micro-et-piano-1-1024x576.jpg\" alt=\"studio avec mat\u00e9riel haut de gamme, atmosph\u00e8re seraine et chaleureuse, acoustique variable et modulable, prise de son a\u00e9r\u00e9e...\" width=\"1024\" height=\"576\" srcset=\"http:\/\/www.yvesmuguet-infographiste.com\/site-fictif-oreilles-delicates\/wp-content\/uploads\/2016\/07\/studio-enregistrement-micro-et-piano-1-1024x576.jpg 1024w, http:\/\/www.yvesmuguet-infographiste.com\/site-fictif-oreilles-delicates\/wp-content\/uploads\/2016\/07\/studio-enregistrement-micro-et-piano-1-300x169.jpg 300w, http:\/\/www.yvesmuguet-infographiste.com\/site-fictif-oreilles-delicates\/wp-content\/uploads\/2016\/07\/studio-enregistrement-micro-et-piano-1-768x432.jpg 768w\" sizes=\"(max-width: 1024px) 100vw, 1024px\" \/><\/p>\n<p><strong>Vous recherchez un son pur qui respecte votre musique ?<\/strong><\/p>\n<blockquote><p>Alors vous avez cliqu\u00e9 au bon endroit !<\/p><\/blockquote>\n<p>Oreilles D\u00e9licates met \u00e0 votre disposition un <strong>studio d\u2019enregistrement<\/strong> situ\u00e9 en Is\u00e8re, <strong>au c\u0153ur de Rh\u00f4ne-Alpes<\/strong> : \u00e0 1h de <strong>Lyon<\/strong>, <strong>Saint-Etienne<\/strong>, <strong>Grenoble<\/strong> et <strong>Valence<\/strong>.<br \/>\n<strong>Au calme de la campagne<\/strong>, notre studio offre les conditions id\u00e9ales \u00e0 la <strong>cr\u00e9ativit\u00e9 et \u00e0 la s\u00e9r\u00e9nit\u00e9<\/strong>.<\/p>\n<p>&nbsp;<\/p>\n<blockquote><p>Parce que la vraie diff\u00e9rence avec un home-studio r\u00e9side dans la qualit\u00e9 des locaux, l\u2019acoustique interne de notre studio d\u2019enregistrement professionnel a \u00e9t\u00e9 r\u00e9alis\u00e9e sans compromis.<\/p><\/blockquote>\n<p>&nbsp;<\/p>\n<div class=\"conteneur\">\n<h2>PRISE DE SON A\u00c9R\u00c9ES<\/h2>\n<p><img loading=\"lazy\" class=\"alignleft wp-image-547\" src=\"http:\/\/www.yvesmuguet-infographiste.com\/site-fictif-oreilles-delicates\/wp-content\/uploads\/2016\/07\/De-la-hauteur.jpg\" alt=\"De-la-hauteur\" width=\"75\" height=\"100\" srcset=\"http:\/\/www.yvesmuguet-infographiste.com\/site-fictif-oreilles-delicates\/wp-content\/uploads\/2016\/07\/De-la-hauteur.jpg 1500w, http:\/\/www.yvesmuguet-infographiste.com\/site-fictif-oreilles-delicates\/wp-content\/uploads\/2016\/07\/De-la-hauteur-225x300.jpg 225w, http:\/\/www.yvesmuguet-infographiste.com\/site-fictif-oreilles-delicates\/wp-content\/uploads\/2016\/07\/De-la-hauteur-768x1024.jpg 768w\" sizes=\"(max-width: 75px) 100vw, 75px\" \/><\/p>\n<p>Avec ses <strong>4m de hauteur sous plafond<\/strong>, notre cabine d\u2019enregistrement permet d\u2019avoir des <strong>prises de son a\u00e9r\u00e9es et qui respirent<\/strong>. Le r\u00e9sultat sonore est bien <strong>plus vivant et plus dynamique<\/strong> que dans des locaux trop amortis.<\/p>\n<p>&nbsp;<\/p>\n<\/div>\n<div class=\"conteneur\">\n<h2>ACOUSTIQUE VARIABLE ET ESPACE MODULABLE<\/h2>\n<p><img loading=\"lazy\" class=\"wp-image-548 alignright\" src=\"http:\/\/www.yvesmuguet-infographiste.com\/site-fictif-oreilles-delicates\/wp-content\/uploads\/2016\/07\/espace-modulable.jpg\" alt=\"espace-modulable\" width=\"56\" height=\"100\" srcset=\"http:\/\/www.yvesmuguet-infographiste.com\/site-fictif-oreilles-delicates\/wp-content\/uploads\/2016\/07\/espace-modulable.jpg 1746w, http:\/\/www.yvesmuguet-infographiste.com\/site-fictif-oreilles-delicates\/wp-content\/uploads\/2016\/07\/espace-modulable-169x300.jpg 169w, http:\/\/www.yvesmuguet-infographiste.com\/site-fictif-oreilles-delicates\/wp-content\/uploads\/2016\/07\/espace-modulable-768x1365.jpg 768w, http:\/\/www.yvesmuguet-infographiste.com\/site-fictif-oreilles-delicates\/wp-content\/uploads\/2016\/07\/espace-modulable-576x1024.jpg 576w\" sizes=\"(max-width: 56px) 100vw, 56px\" \/>Nos panneaux \u00e0 acoustique variable permettent de <strong>moduler les premi\u00e8res r\u00e9flexions<\/strong> selon le style musical ou le type de son souhait\u00e9.<br \/>\nL\u2019espace est modulable gr\u00e2ce \u00e0 nos<strong> panneaux mobiles<\/strong> qui permettent la cr\u00e9ation de petites <strong>cabines d\u2019isolation des musiciens<\/strong>.<\/p>\n<p>&nbsp;<\/p>\n<\/div>\n<div class=\"conteneur\">\n<h2>ATMOSPH\u00c8RE SEREINE ET CHALEUREUSE<\/h2>\n<p><img loading=\"lazy\" class=\"alignleft wp-image-549\" src=\"http:\/\/www.yvesmuguet-infographiste.com\/site-fictif-oreilles-delicates\/wp-content\/uploads\/2016\/07\/le_bar-300x225.jpg\" alt=\"le_bar\" width=\"200\" height=\"150\" srcset=\"http:\/\/www.yvesmuguet-infographiste.com\/site-fictif-oreilles-delicates\/wp-content\/uploads\/2016\/07\/le_bar-300x225.jpg 300w, http:\/\/www.yvesmuguet-infographiste.com\/site-fictif-oreilles-delicates\/wp-content\/uploads\/2016\/07\/le_bar-768x576.jpg 768w, http:\/\/www.yvesmuguet-infographiste.com\/site-fictif-oreilles-delicates\/wp-content\/uploads\/2016\/07\/le_bar-1024x768.jpg 1024w\" sizes=\"(max-width: 200px) 100vw, 200px\" \/>Avec un <strong>\u00e9clairage en lumi\u00e8re du jour<\/strong>, ou en<strong> lumi\u00e8re gradu\u00e9e<\/strong>, cr\u00e9ez l\u2019ambiance qui convient \u00e0 vos <strong>sessions d\u2019enregistrement<\/strong>.<br \/>\nLe <strong>bois<\/strong>, omnipr\u00e9sent dans notre <strong>conception acoustique<\/strong> cr\u00e9e une atmosph\u00e8re sereine et chaleureuse, <strong>propice \u00e0 la cr\u00e9ation<\/strong>.<br \/>\nL&rsquo;<strong>espace d\u00e9tente<\/strong> vous accueillera pour prendre le temps d\u2019un <strong>caf\u00e9<\/strong>, d\u2019un <strong>th\u00e9<\/strong> ou d\u2019une <strong>boisson fraiche<\/strong> entre deux prises.<\/p>\n<p>&nbsp;<\/p>\n<\/div>\n<h2>\u00c9QUIPEMENTS MIS \u00c0 VOTRE DISPOSITION<\/h2>\n<ul>Sur place vous disposez de :<\/p>\n<li>Une batterie Capelle 5 f\u00fbts<\/li>\n<li>Une ampli guitare Fender 212 R<\/li>\n<li>Un clavier Yamaha DX7<\/li>\n<li>3 micros chants<\/li>\n<li>Sonorisation Bose L1 (1kW)<\/li>\n<li>Un piano 1\/4 de queue Yamaha G3 sur demande<\/li>\n<\/ul>\n<div class=\"cue-playlist-container\">\n<div class=\"cue-playlist cue-theme-default\" itemscope itemtype=\"http:\/\/schema.org\/MusicPlaylist\">\n\t\n\t<meta itemprop=\"numTracks\" content=\"1\" \/>\n\n\t<audio src=\"http:\/\/yvesmuguet-infographiste.com\/audios\/mixages\/piano-a-queue-yamaha-g3-studio-d-enregistrement-rhone-alpes.wav\" controls preload=\"none\" class=\"cue-audio\" style=\"width: 100%; height: auto\"><\/audio>\n\n\t<ol class=\"cue-tracks\">\n\t\t\t\t\t<li class=\"cue-track\" itemprop=\"track\" itemscope itemtype=\"http:\/\/schema.org\/MusicRecording\">\n\t\t\t\t\n\t\t\t\t<span class=\"cue-track-details cue-track-cell\">\n\t\t\t\t\t<span class=\"cue-track-title\" itemprop=\"name\">Piano \u00e0 queue Yamaha G3<\/span>\n\t\t\t\t\t<span class=\"cue-track-artist\" itemprop=\"byArtist\">Oreilles D\u00e9licates<\/span>\n\t\t\t\t<\/span>\n\n\t\t\t\t\n\t\t\t\t<span class=\"cue-track-length cue-track-cell\"><\/span>\n\n\t\t\t\t\t\t\t<\/li>\n\t\t\t<\/ol>\n\n\t<\/div>\n\t\t<script type=\"application\/json\" class=\"cue-playlist-data\">{\"embed_link\":\"http:\\\/\\\/www.yvesmuguet-infographiste.com\\\/site-fictif-oreilles-delicates\\\/?cue_embed=piano-a-queue-yamaha-g3&cue_theme=default\",\"permalink\":\"http:\\\/\\\/www.yvesmuguet-infographiste.com\\\/site-fictif-oreilles-delicates\\\/?cue_playlist=piano-a-queue-yamaha-g3\",\"skin\":\"cue-skin-default\",\"thumbnail\":\"http:\\\/\\\/www.yvesmuguet-infographiste.com\\\/site-fictif-oreilles-delicates\\\/wp-content\\\/uploads\\\/2016\\\/07\\\/cropped-favicon-oreilles-delicates-studio-enregistrement-hebergement-campagne-512x512-300x300.jpg\",\"tracks\":[{\"audioId\":0,\"audioUrl\":\"http:\\\/\\\/yvesmuguet-infographiste.com\\\/audios\\\/mixages\\\/piano-a-queue-yamaha-g3-studio-d-enregistrement-rhone-alpes.wav\",\"artist\":\"Oreilles D\\u00e9licates\",\"artworkId\":0,\"artworkUrl\":\"\",\"format\":\"\",\"length\":\"\",\"title\":\"Piano \\u00e0 queue Yamaha G3\",\"order\":0,\"wav\":\"http:\\\/\\\/yvesmuguet-infographiste.com\\\/audios\\\/mixages\\\/piano-a-queue-yamaha-g3-studio-d-enregistrement-rhone-alpes.wav\",\"meta\":{\"artist\":\"Oreilles D\\u00e9licates\",\"length_formatted\":\"\"},\"src\":\"http:\\\/\\\/yvesmuguet-infographiste.com\\\/audios\\\/mixages\\\/piano-a-queue-yamaha-g3-studio-d-enregistrement-rhone-alpes.wav\",\"thumb\":{\"src\":\"\"}}]}<\/script>\n\t\t<\/div>\n<p>&nbsp;<\/p>\n<h2>TARIFS LOCAL DE R\u00c9P\u00c9TITION SEUL<\/h2>\n<p>Location \u00e0 l&rsquo;heure : 10\u20ac<br \/>\nLocation \u00e0 la journ\u00e9e : 60\u20ac (possibilit\u00e9 d&rsquo;abonnement mensuel)<br \/>\nH\u00e9bergement : <a href=\"http:\/\/www.yvesmuguet-infographiste.com\/site-fictif-oreilles-delicates\/contact\/\">nous consulter<\/a>.<\/p>\n<p>&nbsp;<\/p>\n<div class=\"floatleft galerie\">\n<h2><span style=\"color: #5d2e10;\">GALERIE STUDIO<\/span><\/h2>\n<p><a href=\"http:\/\/www.yvesmuguet-infographiste.com\/site-fictif-oreilles-delicates\/galerie\/photos-studio\/\" target=\"_blank\"><img loading=\"lazy\" class=\"alignnone wp-image-130\" src=\"http:\/\/www.yvesmuguet-infographiste.com\/site-fictif-oreilles-delicates\/wp-content\/uploads\/2016\/07\/studio-enregistrement-oreilles-delicates-espace-detente-bar-ancien-violon-electrique-partitions-1024x768.jpg\" alt=\"studio-enregistrement-oreilles-delicates-espace-detente-bar-ancien-violon-electrique-partitions\" width=\"300\" height=\"225\" srcset=\"http:\/\/www.yvesmuguet-infographiste.com\/site-fictif-oreilles-delicates\/wp-content\/uploads\/2016\/07\/studio-enregistrement-oreilles-delicates-espace-detente-bar-ancien-violon-electrique-partitions-1024x768.jpg 1024w, http:\/\/www.yvesmuguet-infographiste.com\/site-fictif-oreilles-delicates\/wp-content\/uploads\/2016\/07\/studio-enregistrement-oreilles-delicates-espace-detente-bar-ancien-violon-electrique-partitions-300x225.jpg 300w, http:\/\/www.yvesmuguet-infographiste.com\/site-fictif-oreilles-delicates\/wp-content\/uploads\/2016\/07\/studio-enregistrement-oreilles-delicates-espace-detente-bar-ancien-violon-electrique-partitions-768x576.jpg 768w\" sizes=\"(max-width: 300px) 100vw, 300px\" \/><\/a><br \/>\n<a href=\"http:\/\/www.yvesmuguet-infographiste.com\/site-fictif-oreilles-delicates\/galerie\/photos-studio\/\" target=\"_blank\">Visionnez les photos du studio d&rsquo;enregistrement<\/a><\/p>\n<\/div>\n","protected":false},"excerpt":{"rendered":"<p>Vous recherchez un son pur qui respecte votre musique ? Alors vous avez cliqu\u00e9 au bon endroit ! Oreilles D\u00e9licates met \u00e0 votre disposition un studio d\u2019enregistrement situ\u00e9 en Is\u00e8re, au c\u0153ur de Rh\u00f4ne-Alpes : \u00e0 1h de Lyon, Saint-Etienne, Grenoble et Valence. Au calme de la campagne, notre studio offre les conditions id\u00e9ales \u00e0 [&hellip;]<\/p>\n","protected":false},"author":1,"featured_media":116,"parent":12,"menu_order":1,"comment_status":"closed","ping_status":"closed","template":"template-brown.php","meta":[],"_links":{"self":[{"href":"http:\/\/www.yvesmuguet-infographiste.com\/site-fictif-oreilles-delicates\/wp-json\/wp\/v2\/pages\/27"}],"collection":[{"href":"http:\/\/www.yvesmuguet-infographiste.com\/site-fictif-oreilles-delicates\/wp-json\/wp\/v2\/pages"}],"about":[{"href":"http:\/\/www.yvesmuguet-infographiste.com\/site-fictif-oreilles-delicates\/wp-json\/wp\/v2\/types\/page"}],"author":[{"embeddable":true,"href":"http:\/\/www.yvesmuguet-infographiste.com\/site-fictif-oreilles-delicates\/wp-json\/wp\/v2\/users\/1"}],"replies":[{"embeddable":true,"href":"http:\/\/www.yvesmuguet-infographiste.com\/site-fictif-oreilles-delicates\/wp-json\/wp\/v2\/comments?post=27"}],"version-history":[{"count":45,"href":"http:\/\/www.yvesmuguet-infographiste.com\/site-fictif-oreilles-delicates\/wp-json\/wp\/v2\/pages\/27\/revisions"}],"predecessor-version":[{"id":668,"href":"http:\/\/www.yvesmuguet-infographiste.com\/site-fictif-oreilles-delicates\/wp-json\/wp\/v2\/pages\/27\/revisions\/668"}],"up":[{"embeddable":true,"href":"http:\/\/www.yvesmuguet-infographiste.com\/site-fictif-oreilles-delicates\/wp-json\/wp\/v2\/pages\/12"}],"wp:featuredmedia":[{"embeddable":true,"href":"http:\/\/www.yvesmuguet-infographiste.com\/site-fictif-oreilles-delicates\/wp-json\/wp\/v2\/media\/116"}],"wp:attachment":[{"href":"http:\/\/www.yvesmuguet-infographiste.com\/site-fictif-oreilles-delicates\/wp-json\/wp\/v2\/media?parent=27"}],"curies":[{"name":"wp","href":"https:\/\/api.w.org\/{rel}","templated":true}]}}