{"id":29,"date":"2016-07-04T15:43:27","date_gmt":"2016-07-04T13:43:27","guid":{"rendered":"http:\/\/www.yvesmuguet-infographiste.com\/site-fictif-oreilles-delicates\/?page_id=29"},"modified":"2016-07-09T01:23:39","modified_gmt":"2016-07-08T23:23:39","slug":"enregistrement","status":"publish","type":"page","link":"http:\/\/www.yvesmuguet-infographiste.com\/site-fictif-oreilles-delicates\/prsentation\/enregistrement\/","title":{"rendered":"ENREGISTREMENT"},"content":{"rendered":"<blockquote><p>Avec plus de 20 ans d\u2019exp\u00e9rience et sp\u00e9cialiste des musiques acoustiques, Fr\u00e9d\u00e9ric FINAND est l&rsquo;ing\u00e9nieur du son. Il enregistre et mixe des albums dans son studio d\u2019enregistrement, ou pendant des concerts publics, ou m\u00eame n\u2019importe o\u00f9. Nous r\u00e9alisons des mixages pour tout style de musique, documentaire ou film d\u2019entreprise.<\/p><\/blockquote>\n<div class=\"conteneur\">\n<p><img loading=\"lazy\" class=\"wp-image-111 alignleft\" src=\"http:\/\/www.yvesmuguet-infographiste.com\/site-fictif-oreilles-delicates\/wp-content\/uploads\/2016\/07\/studio-enregistrement-ingenieur-du-son-souris.jpg\" alt=\"enregistrement ing\u00e9nieur du son de plus de 20 ans d'exp\u00e9rience, la qualit\u00e9 avant tout, pour la personnalisation, vraiment mobile...\" width=\"300\" height=\"400\" srcset=\"http:\/\/www.yvesmuguet-infographiste.com\/site-fictif-oreilles-delicates\/wp-content\/uploads\/2016\/07\/studio-enregistrement-ingenieur-du-son-souris.jpg 3024w, http:\/\/www.yvesmuguet-infographiste.com\/site-fictif-oreilles-delicates\/wp-content\/uploads\/2016\/07\/studio-enregistrement-ingenieur-du-son-souris-225x300.jpg 225w, http:\/\/www.yvesmuguet-infographiste.com\/site-fictif-oreilles-delicates\/wp-content\/uploads\/2016\/07\/studio-enregistrement-ingenieur-du-son-souris-768x1024.jpg 768w\" sizes=\"(max-width: 300px) 100vw, 300px\" \/><\/p>\n<h2>PRISE DE SON, MIXAGE, MASTERING, C&rsquo;EST QUOI ?<\/h2>\n<p>Les pr\u00e9parations de la <a href=\"http:\/\/www.yvesmuguet-infographiste.com\/site-fictif-oreilles-delicates\/coute\/audios-de-prises-de-son\/\">prise de son<\/a> se font sous les directives de l\u2019<strong>ing\u00e9nieur du son : disposition de l\u2019orchestre, choix et positionnement des micros, installation des r\u00e9seaux de casques pour les musiciens<\/strong>. Lors de la prise de son, l\u2019ing\u00e9nieur du son v\u00e9rifie que les prises de son ne saturent pas en ajustant au mieux le <strong>r\u00e9glage des pr\u00e9amplificateurs micro<\/strong> et assume la bonne <strong>balance musicale<\/strong>.<\/p>\n<p>Le <a href=\"http:\/\/www.yvesmuguet-infographiste.com\/site-fictif-oreilles-delicates\/coute\/audios-de-mixages\/\">mixage<\/a> permet de faire <strong>prendre forme<\/strong> \u00e0 des musiques purement <strong>\u00e9lectroacoustiques<\/strong>, c\u2019est-\u00e0-dire qui n\u2019a d\u2019existence et qui ne prend forme qu\u2019\u00e0 l\u2019issue du mixage.<\/p>\n<p>Le <a href=\"http:\/\/www.yvesmuguet-infographiste.com\/site-fictif-oreilles-delicates\/coute\/audios-de-masterings\/\">mastering<\/a> est la derni\u00e8re \u00e9tape avant la <strong>fabrication en s\u00e9rie du disque<\/strong> ou de l\u2019<strong>enregistrement (DVD)<\/strong>. Consiste \u00e0 <strong>\u00e9galiser les niveaux et les couleurs<\/strong> dans le but de <strong>rendre homog\u00e8ne<\/strong> le CD.<\/p>\n<\/div>\n<div class=\"conteneur\">\n<p><img loading=\"lazy\" class=\"alignright wp-image-173 size-medium\" src=\"http:\/\/www.yvesmuguet-infographiste.com\/site-fictif-oreilles-delicates\/wp-content\/uploads\/2016\/07\/enregistrement-studio-oreilles-delicates-bureau-ingenieur-son-ecouteurs-ecrans-clavier-souris-ampli-musique-300x225.jpg\" alt=\"enregistrement-studio-oreilles-delicates-bureau-ingenieur-son-ecouteurs-ecrans-clavier-souris-ampli-musique\" width=\"300\" height=\"225\" srcset=\"http:\/\/www.yvesmuguet-infographiste.com\/site-fictif-oreilles-delicates\/wp-content\/uploads\/2016\/07\/enregistrement-studio-oreilles-delicates-bureau-ingenieur-son-ecouteurs-ecrans-clavier-souris-ampli-musique-300x225.jpg 300w, http:\/\/www.yvesmuguet-infographiste.com\/site-fictif-oreilles-delicates\/wp-content\/uploads\/2016\/07\/enregistrement-studio-oreilles-delicates-bureau-ingenieur-son-ecouteurs-ecrans-clavier-souris-ampli-musique-768x576.jpg 768w, http:\/\/www.yvesmuguet-infographiste.com\/site-fictif-oreilles-delicates\/wp-content\/uploads\/2016\/07\/enregistrement-studio-oreilles-delicates-bureau-ingenieur-son-ecouteurs-ecrans-clavier-souris-ampli-musique-1024x768.jpg 1024w\" sizes=\"(max-width: 300px) 100vw, 300px\" \/><\/p>\n<h2>LA QUALIT\u00c9 AVANT TOUT<\/h2>\n<blockquote><p>Cet ing\u00e9nieur du son ne s\u2019axe pas sur la vitesse de production mais il se tourne plut\u00f4t vers une<strong> recherche de qualit\u00e9 : profondeur, espace, a\u00e9ration, clart\u00e9<\/strong>&#8230;<\/p><\/blockquote>\n<p>Gr\u00e2ce aux comp\u00e9tences acquises au <strong>centre de formation de l\u2019INA<\/strong>, mais aussi \u00e0 sa formation musicale (\u00e9criture musicale, harmonie, arrangement jazz), pour le mastering comme pour le mixage, <strong>Fr\u00e9d\u00e9ric FINAND <\/strong>saura trouver le son qui mettra votre musique en valeur.<br \/>\nL\u2019ensemble des traitements est r\u00e9alis\u00e9 en num\u00e9rique, avec des processus aussi simples que des \u00e9galiseurs \u00e0 phase constante, des g\u00e9n\u00e9rateurs d\u2019harmoniques et autres compresseurs traditionnels !<\/p>\n<p>&nbsp;<\/p>\n<h2>POUR LA PERSONNALISATION<\/h2>\n<p>Pas de traitements syst\u00e9matiques mais discute des <strong>souhaits des musiciens<\/strong> apr\u00e8s avoir \u00e9couter leur morceau.<\/p>\n<p>&nbsp;<\/p>\n<h2>D\u2019EXP\u00c9RIENCE ET VRAIMENT MOBILE<\/h2>\n<p>Fr\u00e9d\u00e9ric FINAND, soigneur d\u2019oreilles, est au service des musiques acoustiques <strong>depuis plus de vingt ans<\/strong> ! Nous pouvons enrichir vos musiques gr\u00e2ce \u00e0 un <strong>partenariat \u00e9troit<\/strong> avec les musiciens professionnels de l\u2019<strong><a href=\"http:\/\/www.orchestredefourviere.fr\/\" target=\"_blank\">Orchestre de Fourvi\u00e8re<\/a><\/strong>.<\/p>\n<p>Pour assurer des prestations de <strong>studio mobile<\/strong>, notre mat\u00e9riel est extr\u00eamement compact et transportable. Ainsi nous pouvons \u00e9galement r\u00e9aliser des <strong>captations de vos concerts en live<\/strong>, qu\u2019ils soient acoustiques ou sonoris\u00e9s.<\/p>\n<p>&nbsp;<\/p>\n<h2>MAT\u00c9RIEL TR\u00c8S HAUT DE GAMME<\/h2>\n<p><img loading=\"lazy\" class=\"wp-image-550 size-medium alignleft\" src=\"http:\/\/www.yvesmuguet-infographiste.com\/site-fictif-oreilles-delicates\/wp-content\/uploads\/2016\/07\/matos-300x225.jpg\" alt=\"matos\" width=\"300\" height=\"225\" srcset=\"http:\/\/www.yvesmuguet-infographiste.com\/site-fictif-oreilles-delicates\/wp-content\/uploads\/2016\/07\/matos-300x225.jpg 300w, http:\/\/www.yvesmuguet-infographiste.com\/site-fictif-oreilles-delicates\/wp-content\/uploads\/2016\/07\/matos-768x576.jpg 768w, http:\/\/www.yvesmuguet-infographiste.com\/site-fictif-oreilles-delicates\/wp-content\/uploads\/2016\/07\/matos-1024x768.jpg 1024w, http:\/\/www.yvesmuguet-infographiste.com\/site-fictif-oreilles-delicates\/wp-content\/uploads\/2016\/07\/matos.jpg 1942w\" sizes=\"(max-width: 300px) 100vw, 300px\" \/><\/p>\n<p>Nous utilisons trois gammes d\u2019\u00e9coutes diff\u00e9rentes pour garantir la qualit\u00e9 et la portabilit\u00e9 du r\u00e9sultat :<\/p>\n<ul>\n<li>Monitors haut de gamme Focal Twin 6<\/li>\n<li>\u00c9coutes Hi-Fi<\/li>\n<li>Enceintes multim\u00e9dia<\/li>\n<\/ul>\n<p>Notre ing\u00e9nieur du son n&rsquo;utilise que du mat\u00e9riel dont il est tomb\u00e9 amoureux pour sa <strong>transparence ou sa fid\u00e9lit\u00e9 de transcription<\/strong>, mais n\u2019h\u00e9site pas \u00e0 transcender les pratiques courantes pour <strong>obtenir le son qui convient : votre son !<\/strong><br \/>\nC\u2019est pourquoi les <strong>micros<\/strong> pr\u00e9f\u00e9r\u00e9s sont de marque <strong>Earthworks, DPA, Neumann, Audix, Audio Technica, Sennheiser<\/strong>\u2026 associ\u00e9s aux excellents <strong>pr\u00e9amplis Horus de Merging Technologies et Universal Audio.<\/strong><\/p>\n<blockquote><p>Ajoutez une station de travail <strong>Pyramix<\/strong>, des <strong>convertisseurs Tr\u00e8s Haut de Gamme<\/strong> (Horus de Merging Technology) et vous comprendrez pourquoi nos travaux ont la r\u00e9putation d\u2019\u00eatre des <strong>mixages dynamiques, pr\u00e9cis, amples et avec beaucoup de profondeur<\/strong>.<\/p><\/blockquote>\n<p>Equip\u00e9s des plug-ins de spatialisation New Audio Technology, nous pouvons \u00e9galement r\u00e9aliser des mixages en son 3D, notamment pour l\u2019<a href=\"http:\/\/www.yvesmuguet-infographiste.com\/site-fictif-oreilles-delicates\/coute\/audios-de-son-binaural-3d\/\">\u00e9coute binaurale<\/a>.<\/p>\n<p>&nbsp;<\/p>\n<div class=\"conteneur tarif-inge\">\n<h2>TARIFS ING\u00c9NIEUR DU SON SEUL<\/h2>\n<ul>PRISE DE SON &#8211; ENREGISTREMENT<\/p>\n<li>Chant accompagn\u00e9 ou chant sur playback : 75\u20ac \/ h<\/li>\n<li>Petite formation : 75\u20ac \/ h<\/li>\n<li>Demi-journ\u00e9e (3h30) : 245\u20ac<\/li>\n<li>Journ\u00e9e (7h) : 450\u20ac<\/li>\n<li>2 jours : 850\u20ac<\/li>\n<li>3 jours : 1200\u20ac<\/li>\n<li>Au-del\u00e0 : <a href=\"http:\/\/www.yvesmuguet-infographiste.com\/site-fictif-oreilles-delicates\/contact\/\">nous consulter<\/a><\/li>\n<\/ul>\n<ul>MIXAGES<\/p>\n<li>Une heure : 70\u20ac<\/li>\n<li>Journ\u00e9e (7h) : 400\u20ac<\/li>\n<\/ul>\n<ul>MASTERINGS<\/p>\n<li>Au titre : 70\u20ac \/ h<\/li>\n<li>Forfait album jusqu&rsquo;\u00e0 9 titres : 350\u20ac<\/li>\n<li>Forfait album 10 titres et plus : 400\u20ac<\/li>\n<li><strong>D\u00e9mo gratuite sur un titre ! <a href=\"http:\/\/www.yvesmuguet-infographiste.com\/site-fictif-oreilles-delicates\/contact\/\">Contactez-nous<\/a><\/strong><\/li>\n<\/ul>\n<\/div>\n<div>\n<div class=\"floatleft galerie\">\n<h2><span style=\"color: #50a2dc;\">GALERIE ENREGISTREMENT<\/span><\/h2>\n<p><a href=\"http:\/\/www.yvesmuguet-infographiste.com\/site-fictif-oreilles-delicates\/galerie\/photos-enregistrement\/\" target=\"_blank\"><img loading=\"lazy\" class=\"alignnone size-medium wp-image-280\" src=\"http:\/\/www.yvesmuguet-infographiste.com\/site-fictif-oreilles-delicates\/wp-content\/uploads\/2016\/07\/enregistrement-studio-oreilles-delicates-bureau-ingenieur-son-sieges-clients-bleu-2-horizontale-300x225.jpg\" alt=\"enregistrement-studio-oreilles-delicates-bureau-ingenieur-son-sieges-clients-bleu-2-horizontale\" width=\"300\" height=\"225\" srcset=\"http:\/\/www.yvesmuguet-infographiste.com\/site-fictif-oreilles-delicates\/wp-content\/uploads\/2016\/07\/enregistrement-studio-oreilles-delicates-bureau-ingenieur-son-sieges-clients-bleu-2-horizontale-300x225.jpg 300w, http:\/\/www.yvesmuguet-infographiste.com\/site-fictif-oreilles-delicates\/wp-content\/uploads\/2016\/07\/enregistrement-studio-oreilles-delicates-bureau-ingenieur-son-sieges-clients-bleu-2-horizontale-768x576.jpg 768w, http:\/\/www.yvesmuguet-infographiste.com\/site-fictif-oreilles-delicates\/wp-content\/uploads\/2016\/07\/enregistrement-studio-oreilles-delicates-bureau-ingenieur-son-sieges-clients-bleu-2-horizontale-1024x768.jpg 1024w\" sizes=\"(max-width: 300px) 100vw, 300px\" \/><\/a><br \/>\n<a href=\"http:\/\/www.yvesmuguet-infographiste.com\/site-fictif-oreilles-delicates\/galerie\/photos-enregistrement\/\" target=\"_blank\">Examinez les photos de l&rsquo;enregistrement au studio<\/a><\/p>\n<\/div>\n<\/div>\n<\/div>\n","protected":false},"excerpt":{"rendered":"<p>Avec plus de 20 ans d\u2019exp\u00e9rience et sp\u00e9cialiste des musiques acoustiques, Fr\u00e9d\u00e9ric FINAND est l&rsquo;ing\u00e9nieur du son. Il enregistre et mixe des albums dans son studio d\u2019enregistrement, ou pendant des concerts publics, ou m\u00eame n\u2019importe o\u00f9. Nous r\u00e9alisons des mixages pour tout style de musique, documentaire ou film d\u2019entreprise. PRISE DE SON, MIXAGE, MASTERING, C&rsquo;EST [&hellip;]<\/p>\n","protected":false},"author":1,"featured_media":0,"parent":12,"menu_order":2,"comment_status":"closed","ping_status":"closed","template":"template-blue.php","meta":[],"_links":{"self":[{"href":"http:\/\/www.yvesmuguet-infographiste.com\/site-fictif-oreilles-delicates\/wp-json\/wp\/v2\/pages\/29"}],"collection":[{"href":"http:\/\/www.yvesmuguet-infographiste.com\/site-fictif-oreilles-delicates\/wp-json\/wp\/v2\/pages"}],"about":[{"href":"http:\/\/www.yvesmuguet-infographiste.com\/site-fictif-oreilles-delicates\/wp-json\/wp\/v2\/types\/page"}],"author":[{"embeddable":true,"href":"http:\/\/www.yvesmuguet-infographiste.com\/site-fictif-oreilles-delicates\/wp-json\/wp\/v2\/users\/1"}],"replies":[{"embeddable":true,"href":"http:\/\/www.yvesmuguet-infographiste.com\/site-fictif-oreilles-delicates\/wp-json\/wp\/v2\/comments?post=29"}],"version-history":[{"count":34,"href":"http:\/\/www.yvesmuguet-infographiste.com\/site-fictif-oreilles-delicates\/wp-json\/wp\/v2\/pages\/29\/revisions"}],"predecessor-version":[{"id":669,"href":"http:\/\/www.yvesmuguet-infographiste.com\/site-fictif-oreilles-delicates\/wp-json\/wp\/v2\/pages\/29\/revisions\/669"}],"up":[{"embeddable":true,"href":"http:\/\/www.yvesmuguet-infographiste.com\/site-fictif-oreilles-delicates\/wp-json\/wp\/v2\/pages\/12"}],"wp:attachment":[{"href":"http:\/\/www.yvesmuguet-infographiste.com\/site-fictif-oreilles-delicates\/wp-json\/wp\/v2\/media?parent=29"}],"curies":[{"name":"wp","href":"https:\/\/api.w.org\/{rel}","templated":true}]}}