{"id":31,"date":"2016-07-04T15:44:04","date_gmt":"2016-07-04T13:44:04","guid":{"rendered":"http:\/\/www.yvesmuguet-infographiste.com\/site-fictif-oreilles-delicates\/?page_id=31"},"modified":"2016-07-09T01:24:02","modified_gmt":"2016-07-08T23:24:02","slug":"hbergement","status":"publish","type":"page","link":"http:\/\/www.yvesmuguet-infographiste.com\/site-fictif-oreilles-delicates\/prsentation\/hbergement\/","title":{"rendered":"H&Eacute;BERGEMENT"},"content":{"rendered":"<blockquote><p>Cette formule d&rsquo;h\u00e9bergement fait de notre studio d\u2019enregistrement la r\u00e9sidence id\u00e9ale de cr\u00e9ation ou de r\u00e9p\u00e9tition avant une tourn\u00e9e.<\/p><\/blockquote>\n<div class=\"conteneur\">\n<p><img loading=\"lazy\" class=\"alignnone wp-image-115 size-large\" src=\"http:\/\/www.yvesmuguet-infographiste.com\/site-fictif-oreilles-delicates\/wp-content\/uploads\/2016\/07\/studio-hebergement-cuisine-et-table-1024x768.jpg\" alt=\"H\u00e9bergement : Au calme dans la campagne, environnement pur, naturel et chaleureux, logement \u00e9quip\u00e9 et couchage 4 personnes...\" width=\"1024\" height=\"768\" srcset=\"http:\/\/www.yvesmuguet-infographiste.com\/site-fictif-oreilles-delicates\/wp-content\/uploads\/2016\/07\/studio-hebergement-cuisine-et-table-1024x768.jpg 1024w, http:\/\/www.yvesmuguet-infographiste.com\/site-fictif-oreilles-delicates\/wp-content\/uploads\/2016\/07\/studio-hebergement-cuisine-et-table-300x225.jpg 300w, http:\/\/www.yvesmuguet-infographiste.com\/site-fictif-oreilles-delicates\/wp-content\/uploads\/2016\/07\/studio-hebergement-cuisine-et-table-768x576.jpg 768w\" sizes=\"(max-width: 1024px) 100vw, 1024px\" \/><\/p>\n<h2>LOGEMENT \u00c9QUIP\u00c9 ET COUCHAGE 4 PERSONNES<\/h2>\n<p><img loading=\"lazy\" class=\" wp-image-210 alignright\" src=\"http:\/\/www.yvesmuguet-infographiste.com\/site-fictif-oreilles-delicates\/wp-content\/uploads\/2016\/07\/hebergement-campagne-oreilles-delicates-chambre-couchage-lits-etagere-nuit-150x150.jpg\" alt=\"hebergement-campagne-oreilles-delicates-chambre-couchage-lits-etagere-nuit\" width=\"106\" height=\"106\" \/><img loading=\"lazy\" class=\"wp-image-203 alignright\" src=\"http:\/\/www.yvesmuguet-infographiste.com\/site-fictif-oreilles-delicates\/wp-content\/uploads\/2016\/07\/hebergement-campagne-oreilles-delicates-salle-de-bain-douche-jets-eau-haute-rouge--150x150.jpg\" alt=\"hebergement-campagne-oreilles-delicates-salle-de-bain-douche-jets-eau-haute-rouge-\" width=\"106\" height=\"106\" \/>L&rsquo;h\u00e9bergement Oreilles D\u00e9licates permet aux musiciens de rester dans l\u2019esprit cr\u00e9atif des projets lors de sessions de plusieurs jours. Cela supprime ainsi les contingences de transport.<\/p>\n<\/div>\n<p>&nbsp;<\/p>\n<div class=\"conteneur\">\n<h2>ENVIRONNEMENT PUR, NATUREL ET CHALEUREUX<\/h2>\n<p><img loading=\"lazy\" class=\"wp-image-192 alignleft\" src=\"http:\/\/www.yvesmuguet-infographiste.com\/site-fictif-oreilles-delicates\/wp-content\/uploads\/2016\/07\/hebergement-campagne-oreilles-delicates-cuisine-salon-empreinte-chien-carrelage-dallage-brique-pierre-150x150.jpg\" alt=\"hebergement-campagne-oreilles-delicates-cuisine-salon-empreinte-chien-carrelage-dallage-brique-pierre\" width=\"103\" height=\"103\" \/><img loading=\"lazy\" class=\" wp-image-202 alignleft\" src=\"http:\/\/www.yvesmuguet-infographiste.com\/site-fictif-oreilles-delicates\/wp-content\/uploads\/2016\/07\/hebergement-campagne-oreilles-delicates-cuisine-salon-tresor-terre-pierre-150x150.jpg\" alt=\"hebergement-campagne-oreilles-delicates-cuisine-salon-tresor-terre-pierre\" width=\"103\" height=\"103\" \/><img loading=\"lazy\" class=\" wp-image-198 alignleft\" src=\"http:\/\/www.yvesmuguet-infographiste.com\/site-fictif-oreilles-delicates\/wp-content\/uploads\/2016\/07\/hebergement-campagne-oreilles-delicates-cuisine-salon-poutres-bois-plafond-150x150.jpg\" alt=\"hebergement-campagne-oreilles-delicates-cuisine-salon-poutres-bois-plafond\" width=\"105\" height=\"105\" \/>C\u2019est une <strong>ancienne ferme r\u00e9nov\u00e9e en \u00e9co-construction<\/strong> : dalles au sol en chanvre et en chaux, carrelage en tommette terre-cuite, murs enduits d\u2019argile et pierre apparentes rejoint\u00e9es \u00e0 la chaux, plafond en lambris. L\u2019<strong>air est pur<\/strong> et l\u2019<strong>habitat chaleureux<\/strong> car les <strong>mat\u00e9riaux sont naturels<\/strong>.<\/p>\n<p>&nbsp;<\/p>\n<h2>AU CALME DANS LA CAMPAGNE<\/h2>\n<p><img loading=\"lazy\" class=\" wp-image-233 alignright\" src=\"http:\/\/www.yvesmuguet-infographiste.com\/site-fictif-oreilles-delicates\/wp-content\/uploads\/2016\/07\/campagne-hebergement-oreilles-delicates-construction-exterieur-renovation-ferme-studio-enregistrement-300x225.jpg\" alt=\"campagne-hebergement-oreilles-delicates-construction-exterieur-renovation-ferme-studio-enregistrement\" width=\"177\" height=\"133\" srcset=\"http:\/\/www.yvesmuguet-infographiste.com\/site-fictif-oreilles-delicates\/wp-content\/uploads\/2016\/07\/campagne-hebergement-oreilles-delicates-construction-exterieur-renovation-ferme-studio-enregistrement-300x225.jpg 300w, http:\/\/www.yvesmuguet-infographiste.com\/site-fictif-oreilles-delicates\/wp-content\/uploads\/2016\/07\/campagne-hebergement-oreilles-delicates-construction-exterieur-renovation-ferme-studio-enregistrement-768x576.jpg 768w, http:\/\/www.yvesmuguet-infographiste.com\/site-fictif-oreilles-delicates\/wp-content\/uploads\/2016\/07\/campagne-hebergement-oreilles-delicates-construction-exterieur-renovation-ferme-studio-enregistrement-1024x768.jpg 1024w\" sizes=\"(max-width: 177px) 100vw, 177px\" \/>Notre r\u00e9sidence est <strong>sans vis \u00e0 vis<\/strong>, au calme dans la campagne o\u00f9 les oiseaux chantent et les chevreuil traversent <strong>en pleine nature<\/strong>. Les musiciens peuvent alors <strong>prendre le temps<\/strong>, se <strong>d\u00e9connecter du stress<\/strong> quotidien et <strong>partager des moments privil\u00e9gi\u00e9s<\/strong> avec leur groupe, d\u00e9veloppant ainsi leur <strong>cr\u00e9ativit\u00e9<\/strong>.<\/p>\n<\/div>\n<p>Pour en savoir plus sur notre campagne : <a href=\"http:\/\/www.yvesmuguet-infographiste.com\/site-fictif-oreilles-delicates\/prsentation\/campagne\/\"><strong>cliquez ici !<\/strong><\/a><\/p>\n<p>&nbsp;<\/p>\n<div class=\"conteneur\">\n<h2>TARIF DE LA PRESTATION ABORDABLE<\/h2>\n<p><img loading=\"lazy\" class=\"alignleft wp-image-106 size-full\" src=\"http:\/\/www.yvesmuguet-infographiste.com\/site-fictif-oreilles-delicates\/wp-content\/uploads\/2016\/07\/cropped-logo-oreilles-delicates-studio-enregistrement-hebergement-campagne-112x180.jpg\" alt=\"cropped-logo-oreilles-delicates-studio-enregistrement-hebergement-campagne-112x180.jpg\" width=\"112\" height=\"180\" \/><strong>S\u00c9JOUR OREILLES D\u00c9LICATES :<\/strong><br \/>\n<span style=\"color: #5d2e10;\">+<strong> STUDIO<\/strong><\/span> avec prise de son a\u00e9r\u00e9es, acoustique variable, espace modulable et mat\u00e9riel haut de gamme.<br \/>\n<span style=\"color: #50a2dc;\">+ <strong>ENREGISTREMENT<\/strong><\/span> avec Fr\u00e9d\u00e9ric FINAND, ing\u00e9nieur du son r\u00e9put\u00e9 de plus de 20 ans d&rsquo;exp\u00e9rience, pour \u00ab\u00a0la qualit\u00e9 avant tout\u00a0\u00bb et la personnalisation dans les prises de sons, les mixages, les masterings, le son binaural de tous styles musicaux.<br \/>\n<span style=\"color: #d73e43;\">+ <strong>H\u00c9BERGEMENT<\/strong><\/span> au calme \u00e0 la campagne, avec couchage 4 personnes, environnement pur, naturel et chaleureux.<br \/>\n<span style=\"color: #e1ea43;\">+ <strong>CAMPAGNE<\/strong><\/span> au c\u0153ur de Rh\u00f4ne-Alpes avec potager, barbecue et richesse touristique voisine.<br \/>\n= \u00e0 partir de 500\u20ac. Nous contacter pour r\u00e9servez votre s\u00e9jour en <a href=\"http:\/\/www.yvesmuguet-infographiste.com\/site-fictif-oreilles-delicates\/contact\/\"><strong>cliquant ici<\/strong><\/a>.<\/p>\n<\/div>\n<p>&nbsp;<\/p>\n<div class=\"conteneur\">\n<div class=\"floatleft galerie\">\n<h2><span style=\"color: #d73e43;\">H\u00c9BERGEMENT<\/span><\/h2>\n<p><a href=\"http:\/\/www.yvesmuguet-infographiste.com\/site-fictif-oreilles-delicates\/galerie\/photos-hbergement\/\" target=\"_blank\"><img loading=\"lazy\" class=\"alignnone size-medium wp-image-282\" src=\"http:\/\/www.yvesmuguet-infographiste.com\/site-fictif-oreilles-delicates\/wp-content\/uploads\/2016\/07\/hebergement-campagne-oreilles-delicates-salle-de-bain-douche-jets-eau-haute-rouge-horizontale-300x225.jpg\" alt=\"hebergement-campagne-oreilles-delicates-salle-de-bain-douche-jets-eau-haute-rouge-horizontale\" width=\"300\" height=\"225\" srcset=\"http:\/\/www.yvesmuguet-infographiste.com\/site-fictif-oreilles-delicates\/wp-content\/uploads\/2016\/07\/hebergement-campagne-oreilles-delicates-salle-de-bain-douche-jets-eau-haute-rouge-horizontale-300x225.jpg 300w, http:\/\/www.yvesmuguet-infographiste.com\/site-fictif-oreilles-delicates\/wp-content\/uploads\/2016\/07\/hebergement-campagne-oreilles-delicates-salle-de-bain-douche-jets-eau-haute-rouge-horizontale-768x576.jpg 768w, http:\/\/www.yvesmuguet-infographiste.com\/site-fictif-oreilles-delicates\/wp-content\/uploads\/2016\/07\/hebergement-campagne-oreilles-delicates-salle-de-bain-douche-jets-eau-haute-rouge-horizontale-1024x768.jpg 1024w\" sizes=\"(max-width: 300px) 100vw, 300px\" \/><\/a><br \/>\n<a href=\"http:\/\/www.yvesmuguet-infographiste.com\/site-fictif-oreilles-delicates\/galerie\/photos-hbergement\/\" target=\"_blank\">Visualisez les photos de l&rsquo;h\u00e9bergement \u00e0 la campagne<\/a><\/p>\n<\/div>\n<\/div>\n","protected":false},"excerpt":{"rendered":"<p>Cette formule d&rsquo;h\u00e9bergement fait de notre studio d\u2019enregistrement la r\u00e9sidence id\u00e9ale de cr\u00e9ation ou de r\u00e9p\u00e9tition avant une tourn\u00e9e. LOGEMENT \u00c9QUIP\u00c9 ET COUCHAGE 4 PERSONNES L&rsquo;h\u00e9bergement Oreilles D\u00e9licates permet aux musiciens de rester dans l\u2019esprit cr\u00e9atif des projets lors de sessions de plusieurs jours. Cela supprime ainsi les contingences de transport. &nbsp; ENVIRONNEMENT PUR, NATUREL [&hellip;]<\/p>\n","protected":false},"author":1,"featured_media":0,"parent":12,"menu_order":3,"comment_status":"closed","ping_status":"closed","template":"template-red.php","meta":[],"_links":{"self":[{"href":"http:\/\/www.yvesmuguet-infographiste.com\/site-fictif-oreilles-delicates\/wp-json\/wp\/v2\/pages\/31"}],"collection":[{"href":"http:\/\/www.yvesmuguet-infographiste.com\/site-fictif-oreilles-delicates\/wp-json\/wp\/v2\/pages"}],"about":[{"href":"http:\/\/www.yvesmuguet-infographiste.com\/site-fictif-oreilles-delicates\/wp-json\/wp\/v2\/types\/page"}],"author":[{"embeddable":true,"href":"http:\/\/www.yvesmuguet-infographiste.com\/site-fictif-oreilles-delicates\/wp-json\/wp\/v2\/users\/1"}],"replies":[{"embeddable":true,"href":"http:\/\/www.yvesmuguet-infographiste.com\/site-fictif-oreilles-delicates\/wp-json\/wp\/v2\/comments?post=31"}],"version-history":[{"count":14,"href":"http:\/\/www.yvesmuguet-infographiste.com\/site-fictif-oreilles-delicates\/wp-json\/wp\/v2\/pages\/31\/revisions"}],"predecessor-version":[{"id":670,"href":"http:\/\/www.yvesmuguet-infographiste.com\/site-fictif-oreilles-delicates\/wp-json\/wp\/v2\/pages\/31\/revisions\/670"}],"up":[{"embeddable":true,"href":"http:\/\/www.yvesmuguet-infographiste.com\/site-fictif-oreilles-delicates\/wp-json\/wp\/v2\/pages\/12"}],"wp:attachment":[{"href":"http:\/\/www.yvesmuguet-infographiste.com\/site-fictif-oreilles-delicates\/wp-json\/wp\/v2\/media?parent=31"}],"curies":[{"name":"wp","href":"https:\/\/api.w.org\/{rel}","templated":true}]}}