{"id":33,"date":"2016-07-04T15:44:55","date_gmt":"2016-07-04T13:44:55","guid":{"rendered":"http:\/\/www.yvesmuguet-infographiste.com\/site-fictif-oreilles-delicates\/?page_id=33"},"modified":"2016-07-09T01:24:15","modified_gmt":"2016-07-08T23:24:15","slug":"campagne","status":"publish","type":"page","link":"http:\/\/www.yvesmuguet-infographiste.com\/site-fictif-oreilles-delicates\/prsentation\/campagne\/","title":{"rendered":"CAMPAGNE"},"content":{"rendered":"<p><img loading=\"lazy\" class=\"alignnone wp-image-117 size-large\" src=\"http:\/\/www.yvesmuguet-infographiste.com\/site-fictif-oreilles-delicates\/wp-content\/uploads\/2016\/07\/exterieur-campagne-chemin-et-barbecue-horizontal-1024x683.jpg\" alt=\"Exterieur campagne chemin et barbecue : Richesse touristique voisine, prix de la prestation vraiment abordable, croisement g\u00e9ographique en Rh\u00f6ne-Alpes...\" width=\"1024\" height=\"683\" srcset=\"http:\/\/www.yvesmuguet-infographiste.com\/site-fictif-oreilles-delicates\/wp-content\/uploads\/2016\/07\/exterieur-campagne-chemin-et-barbecue-horizontal-1024x683.jpg 1024w, http:\/\/www.yvesmuguet-infographiste.com\/site-fictif-oreilles-delicates\/wp-content\/uploads\/2016\/07\/exterieur-campagne-chemin-et-barbecue-horizontal-300x200.jpg 300w, http:\/\/www.yvesmuguet-infographiste.com\/site-fictif-oreilles-delicates\/wp-content\/uploads\/2016\/07\/exterieur-campagne-chemin-et-barbecue-horizontal-768x512.jpg 768w\" sizes=\"(max-width: 1024px) 100vw, 1024px\" \/><\/p>\n<p>&nbsp;<\/p>\n<h2>EXT\u00c9RIEUR AVEC POTAGER ET BARBECUE<\/h2>\n<div class=\"conteneur\"><img loading=\"lazy\" class=\"size-thumbnail wp-image-237 alignleft\" src=\"http:\/\/www.yvesmuguet-infographiste.com\/site-fictif-oreilles-delicates\/wp-content\/uploads\/2016\/07\/campagne-hebergement-oreilles-delicates-potager-jardin-fraises-degustation-partage-amis-musique-150x150.jpg\" alt=\"campagne-hebergement-oreilles-delicates-potager-jardin-fraises-degustation-partage-amis-musique\" width=\"150\" height=\"150\" \/><img loading=\"lazy\" class=\"size-thumbnail wp-image-240 alignleft\" src=\"http:\/\/www.yvesmuguet-infographiste.com\/site-fictif-oreilles-delicates\/wp-content\/uploads\/2016\/07\/campagne-hebergement-oreilles-delicates-potager-jardin-laitue-batavia-degustation-partage-amis-musique-150x150.jpg\" alt=\"campagne-hebergement-oreilles-delicates-potager-jardin-laitue-batavia-degustation-partage-amis-musique\" width=\"150\" height=\"150\" \/><img loading=\"lazy\" class=\"size-thumbnail wp-image-246 alignleft\" src=\"http:\/\/www.yvesmuguet-infographiste.com\/site-fictif-oreilles-delicates\/wp-content\/uploads\/2016\/07\/campagne-hebergement-oreilles-delicates-potager-jardin-tomates-cerises-degustation-partage-amis-musique-2-150x150.jpg\" alt=\"campagne-hebergement-oreilles-delicates-potager-jardin-tomates-cerises-degustation-partage-amis-musique-2\" width=\"150\" height=\"150\" \/><img loading=\"lazy\" class=\"size-thumbnail wp-image-236 alignleft\" src=\"http:\/\/www.yvesmuguet-infographiste.com\/site-fictif-oreilles-delicates\/wp-content\/uploads\/2016\/07\/campagne-hebergement-oreilles-delicates-potager-jardin-epinards-degustation-partage-amis-musique-150x150.jpg\" alt=\"campagne-hebergement-oreilles-delicates-potager-jardin-epinards-degustation-partage-amis-musique\" width=\"150\" height=\"150\" \/><\/div>\n<p>D\u00e9gustez nos <strong>fruits et l\u00e9gumes frais et bio<\/strong> de notre <strong>jardin potager maison<\/strong> ! Agn\u00e8s FINAND les a plant\u00e9s, arros\u00e9s et fait pouss\u00e9s avec tout son c\u0153ur !<\/p>\n<p>Puis <strong>partagez un bon barbecue<\/strong> en r\u00e9compense d&rsquo;une bonne journ\u00e9e de cr\u00e9ation !<\/p>\n<p>&nbsp;<\/p>\n<h2>CROISEMENT G\u00c9OGRAPHIQUE EN RH\u00d4NE-ALPES<\/h2>\n<p><img loading=\"lazy\" class=\" wp-image-663 alignright\" src=\"http:\/\/www.yvesmuguet-infographiste.com\/site-fictif-oreilles-delicates\/wp-content\/uploads\/2016\/07\/studio-enregistrement-rhone-alpes-oreilles-delicates-300x265.jpg\" alt=\"studio-enregistrement-rhone-alpes-oreilles-delicates\" width=\"160\" height=\"142\" srcset=\"http:\/\/www.yvesmuguet-infographiste.com\/site-fictif-oreilles-delicates\/wp-content\/uploads\/2016\/07\/studio-enregistrement-rhone-alpes-oreilles-delicates-300x265.jpg 300w, http:\/\/www.yvesmuguet-infographiste.com\/site-fictif-oreilles-delicates\/wp-content\/uploads\/2016\/07\/studio-enregistrement-rhone-alpes-oreilles-delicates.jpg 469w\" sizes=\"(max-width: 160px) 100vw, 160px\" \/>Notre studio d&rsquo;enregistrement avec h\u00e9bergement \u00e0 la campagne est au centre d&rsquo;un croisement g\u00e9ographique de Rh\u00f4ne-Alpes. Il se trouve \u00e0 1 h de Lyon, de Saint-\u00c9tienne, de Grenoble et \u00e0 45 min de Valence.<\/p>\n<p>&nbsp;<\/p>\n<h2>RICHESSE TOURISTIQUE VOISINE<\/h2>\n<p><img loading=\"lazy\" class=\"size-medium wp-image-218 alignleft\" src=\"http:\/\/www.yvesmuguet-infographiste.com\/site-fictif-oreilles-delicates\/wp-content\/uploads\/2016\/07\/campagne-hebergement-oreilles-delicates-barbecue-tourisme-chemin-dalles-pierres-brutes-225x300.jpg\" alt=\"campagne-hebergement-oreilles-delicates-barbecue-tourisme-chemin-dalles-pierres-brutes\" width=\"225\" height=\"300\" srcset=\"http:\/\/www.yvesmuguet-infographiste.com\/site-fictif-oreilles-delicates\/wp-content\/uploads\/2016\/07\/campagne-hebergement-oreilles-delicates-barbecue-tourisme-chemin-dalles-pierres-brutes-225x300.jpg 225w, http:\/\/www.yvesmuguet-infographiste.com\/site-fictif-oreilles-delicates\/wp-content\/uploads\/2016\/07\/campagne-hebergement-oreilles-delicates-barbecue-tourisme-chemin-dalles-pierres-brutes-768x1024.jpg 768w\" sizes=\"(max-width: 225px) 100vw, 225px\" \/>Sonnay est entour\u00e9e d\u2019une activit\u00e9 touristique riche comme Le <a href=\"http:\/\/www.facteurcheval.com\/\"><strong>Palais Id\u00e9al du Facteur Cheval<\/strong><\/a> (tr\u00e9sor architectural d\u2019Art Brut) et le <a href=\"http:\/\/www.isere-tourisme.com\/patrimoine-culturel\/chateau-de-roussillon\"><strong>Ch\u00e2teau de Roussillon<\/strong><\/a> (joyau architectural de la Renaissance)<br \/>\nNos musiciens peuvent, \u00e0 travers le Pays Roussillonais, voyager dans l\u2019histoire de la p\u00e9riode gallo-romaine \u00e0 nos jours gr\u00e2ce aux visites guid\u00e9es, de l\u2019\u00e9tonnante <strong>mosa\u00efque de la villa de Licinius<\/strong> aux ch\u00e2teaux class\u00e9s Monuments Historiques.<br \/>\nD\u2019autres \u00e9tonnants tr\u00e9sors de pierre sont \u00e0 d\u00e9couvrir au d\u00e9tour d\u2019une balade comme le prieur\u00e9 de Salaise sur Sanne, les \u00e9glises de St Prim et des Roches de Condrieu. Ils auront l\u2019opportunit\u00e9 de retrouver la nature pr\u00e9serv\u00e9e du Rh\u00f4ne dans la <strong>r\u00e9serve naturelle de l\u2019Ile de la Plati\u00e8re<\/strong>, sanctuaire des oiseaux et de la bio-diversit\u00e9 ou d\u00e9couvrir les savoir-faire de l\u2019artisanat centenaire \u00e0 la <strong>poterie des Chals<\/strong> et au <strong>moulin \u00e0 huile de Sonnay<\/strong>.<br \/>\nOu bien ils pourront tout simplement profiter de panorama d\u2019exception comme celui du <strong>T\u00e9l\u00e9graphe de Sonnay<\/strong>.<\/p>\n<p>&nbsp;<\/p>\n<div class=\"conteneur\">\n<h2>TARIF DE LA PRESTATION ABORDABLE<\/h2>\n<p><img loading=\"lazy\" class=\"alignleft wp-image-106 size-full\" src=\"http:\/\/www.yvesmuguet-infographiste.com\/site-fictif-oreilles-delicates\/wp-content\/uploads\/2016\/07\/cropped-logo-oreilles-delicates-studio-enregistrement-hebergement-campagne-112x180.jpg\" alt=\"cropped-logo-oreilles-delicates-studio-enregistrement-hebergement-campagne-112x180.jpg\" width=\"112\" height=\"180\" \/><strong>S\u00c9JOUR OREILLES D\u00c9LICATES :<\/strong><br \/>\n<span style=\"color: #5d2e10;\">+<strong> STUDIO<\/strong><\/span> avec prise de son a\u00e9r\u00e9es, acoustique variable, espace modulable et mat\u00e9riel haut de gamme.<br \/>\n<span style=\"color: #50a2dc;\">+ <strong>ENREGISTREMENT<\/strong><\/span> avec Fr\u00e9d\u00e9ric FINAND, ing\u00e9nieur du son r\u00e9put\u00e9 de plus de 20 ans d&rsquo;exp\u00e9rience, pour \u00ab\u00a0la qualit\u00e9 avant tout\u00a0\u00bb et la personnalisation dans les prises de sons, les mixages, les masterings, le son binaural de tous styles musicaux.<br \/>\n<span style=\"color: #d73e43;\">+ <strong>H\u00c9BERGEMENT<\/strong><\/span> au calme \u00e0 la campagne, avec couchage 4 personnes, environnement pur, naturel et chaleureux.<br \/>\n<span style=\"color: #e1ea43;\">+ <strong>CAMPAGNE<\/strong><\/span> au c\u0153ur de Rh\u00f4ne-Alpes avec potager, barbecue et richesse touristique voisine.<br \/>\n= \u00e0 partir de 500\u20ac. Nous contacter pour r\u00e9servez votre s\u00e9jour en <a href=\"http:\/\/www.yvesmuguet-infographiste.com\/site-fictif-oreilles-delicates\/contact\/\"><strong>cliquant ici<\/strong><\/a>.<\/p>\n<\/div>\n<p>&nbsp;<\/p>\n<div class=\"floatleft galerie\">\n<h2><span style=\"color: #e1ea43;\">GALERIE CAMPAGNE<\/span><\/h2>\n<p><a href=\"http:\/\/www.yvesmuguet-infographiste.com\/site-fictif-oreilles-delicates\/galerie\/photos-campagne\/\" target=\"_blank\"><img loading=\"lazy\" class=\"alignnone size-medium wp-image-284\" src=\"http:\/\/www.yvesmuguet-infographiste.com\/site-fictif-oreilles-delicates\/wp-content\/uploads\/2016\/07\/campagne-hebergement-oreilles-delicates-potager-jardin-fraisiers-charlotte-degustation-partage-amis-musique-paysage-300x225.jpg\" alt=\"campagne-hebergement-oreilles-delicates-potager-jardin-fraisiers-charlotte-degustation-partage-amis-musique-paysage\" width=\"300\" height=\"225\" srcset=\"http:\/\/www.yvesmuguet-infographiste.com\/site-fictif-oreilles-delicates\/wp-content\/uploads\/2016\/07\/campagne-hebergement-oreilles-delicates-potager-jardin-fraisiers-charlotte-degustation-partage-amis-musique-paysage-300x225.jpg 300w, http:\/\/www.yvesmuguet-infographiste.com\/site-fictif-oreilles-delicates\/wp-content\/uploads\/2016\/07\/campagne-hebergement-oreilles-delicates-potager-jardin-fraisiers-charlotte-degustation-partage-amis-musique-paysage-768x576.jpg 768w, http:\/\/www.yvesmuguet-infographiste.com\/site-fictif-oreilles-delicates\/wp-content\/uploads\/2016\/07\/campagne-hebergement-oreilles-delicates-potager-jardin-fraisiers-charlotte-degustation-partage-amis-musique-paysage-1024x768.jpg 1024w\" sizes=\"(max-width: 300px) 100vw, 300px\" \/><\/a><br \/>\n<a href=\"http:\/\/www.yvesmuguet-infographiste.com\/site-fictif-oreilles-delicates\/galerie\/photos-enregistrement\/\" target=\"_blank\">Regardez les photos de la campagne de l&rsquo;h\u00e9bergement<\/a><\/p>\n<\/div>\n","protected":false},"excerpt":{"rendered":"<p>&nbsp; EXT\u00c9RIEUR AVEC POTAGER ET BARBECUE D\u00e9gustez nos fruits et l\u00e9gumes frais et bio de notre jardin potager maison ! Agn\u00e8s FINAND les a plant\u00e9s, arros\u00e9s et fait pouss\u00e9s avec tout son c\u0153ur ! Puis partagez un bon barbecue en r\u00e9compense d&rsquo;une bonne journ\u00e9e de cr\u00e9ation ! &nbsp; CROISEMENT G\u00c9OGRAPHIQUE EN RH\u00d4NE-ALPES Notre studio d&rsquo;enregistrement [&hellip;]<\/p>\n","protected":false},"author":1,"featured_media":0,"parent":12,"menu_order":4,"comment_status":"closed","ping_status":"closed","template":"","meta":[],"_links":{"self":[{"href":"http:\/\/www.yvesmuguet-infographiste.com\/site-fictif-oreilles-delicates\/wp-json\/wp\/v2\/pages\/33"}],"collection":[{"href":"http:\/\/www.yvesmuguet-infographiste.com\/site-fictif-oreilles-delicates\/wp-json\/wp\/v2\/pages"}],"about":[{"href":"http:\/\/www.yvesmuguet-infographiste.com\/site-fictif-oreilles-delicates\/wp-json\/wp\/v2\/types\/page"}],"author":[{"embeddable":true,"href":"http:\/\/www.yvesmuguet-infographiste.com\/site-fictif-oreilles-delicates\/wp-json\/wp\/v2\/users\/1"}],"replies":[{"embeddable":true,"href":"http:\/\/www.yvesmuguet-infographiste.com\/site-fictif-oreilles-delicates\/wp-json\/wp\/v2\/comments?post=33"}],"version-history":[{"count":31,"href":"http:\/\/www.yvesmuguet-infographiste.com\/site-fictif-oreilles-delicates\/wp-json\/wp\/v2\/pages\/33\/revisions"}],"predecessor-version":[{"id":671,"href":"http:\/\/www.yvesmuguet-infographiste.com\/site-fictif-oreilles-delicates\/wp-json\/wp\/v2\/pages\/33\/revisions\/671"}],"up":[{"embeddable":true,"href":"http:\/\/www.yvesmuguet-infographiste.com\/site-fictif-oreilles-delicates\/wp-json\/wp\/v2\/pages\/12"}],"wp:attachment":[{"href":"http:\/\/www.yvesmuguet-infographiste.com\/site-fictif-oreilles-delicates\/wp-json\/wp\/v2\/media?parent=33"}],"curies":[{"name":"wp","href":"https:\/\/api.w.org\/{rel}","templated":true}]}}