{"id":71,"date":"2016-07-04T16:39:28","date_gmt":"2016-07-04T14:39:28","guid":{"rendered":"http:\/\/www.yvesmuguet-infographiste.com\/site-fictif-oreilles-delicates\/?page_id=71"},"modified":"2016-07-07T16:43:58","modified_gmt":"2016-07-07T14:43:58","slug":"audios-de-mixages","status":"publish","type":"page","link":"http:\/\/www.yvesmuguet-infographiste.com\/site-fictif-oreilles-delicates\/coute\/audios-de-mixages\/","title":{"rendered":"AUDIOS DE MIXAGES"},"content":{"rendered":"<div class=\"cue-playlist-container\">\n<div class=\"cue-playlist cue-theme-default\" itemscope itemtype=\"http:\/\/schema.org\/MusicPlaylist\">\n\t\n\t<meta itemprop=\"numTracks\" content=\"3\" \/>\n\n\t<audio src=\"http:\/\/yvesmuguet-infographiste.com\/audios\/mixages\/tinkiette-la-guiguette-prendre-la-plume-enregistrement-musique-irlandaise.wav\" controls preload=\"none\" class=\"cue-audio\" style=\"width: 100%; height: auto\"><\/audio>\n\n\t<ol class=\"cue-tracks\">\n\t\t\t\t\t<li class=\"cue-track\" itemprop=\"track\" itemscope itemtype=\"http:\/\/schema.org\/MusicRecording\">\n\t\t\t\t\n\t\t\t\t<span class=\"cue-track-details cue-track-cell\">\n\t\t\t\t\t<span class=\"cue-track-title\" itemprop=\"name\">Prendre la plume<\/span>\n\t\t\t\t\t<span class=\"cue-track-artist\" itemprop=\"byArtist\">Tinquiette La Guinguette<\/span>\n\t\t\t\t<\/span>\n\n\t\t\t\t\n\t\t\t\t<span class=\"cue-track-length cue-track-cell\">01:47<\/span>\n\n\t\t\t\t\t\t\t<\/li>\n\t\t\t\t\t<li class=\"cue-track\" itemprop=\"track\" itemscope itemtype=\"http:\/\/schema.org\/MusicRecording\">\n\t\t\t\t\n\t\t\t\t<span class=\"cue-track-details cue-track-cell\">\n\t\t\t\t\t<span class=\"cue-track-title\" itemprop=\"name\">Le titre mix\u00e9<\/span>\n\t\t\t\t\t<span class=\"cue-track-artist\" itemprop=\"byArtist\">Les Dames en Brunes<\/span>\n\t\t\t\t<\/span>\n\n\t\t\t\t\n\t\t\t\t<span class=\"cue-track-length cue-track-cell\">01:11<\/span>\n\n\t\t\t\t\t\t\t<\/li>\n\t\t\t\t\t<li class=\"cue-track\" itemprop=\"track\" itemscope itemtype=\"http:\/\/schema.org\/MusicRecording\">\n\t\t\t\t\n\t\t\t\t<span class=\"cue-track-details cue-track-cell\">\n\t\t\t\t\t<span class=\"cue-track-title\" itemprop=\"name\">Piano \u00e0 queue Yamaha G3<\/span>\n\t\t\t\t\t<span class=\"cue-track-artist\" itemprop=\"byArtist\">Oreilles D\u00e9licates<\/span>\n\t\t\t\t<\/span>\n\n\t\t\t\t\n\t\t\t\t<span class=\"cue-track-length cue-track-cell\">00:39<\/span>\n\n\t\t\t\t\t\t\t<\/li>\n\t\t\t<\/ol>\n\n\t<\/div>\n\t\t<script type=\"application\/json\" class=\"cue-playlist-data\">{\"embed_link\":\"http:\\\/\\\/www.yvesmuguet-infographiste.com\\\/site-fictif-oreilles-delicates\\\/?cue_embed=mixages&cue_theme=default\",\"permalink\":\"http:\\\/\\\/www.yvesmuguet-infographiste.com\\\/site-fictif-oreilles-delicates\\\/?cue_playlist=mixages\",\"skin\":\"cue-skin-default\",\"thumbnail\":\"http:\\\/\\\/www.yvesmuguet-infographiste.com\\\/site-fictif-oreilles-delicates\\\/wp-content\\\/uploads\\\/2016\\\/07\\\/mixage-oreilles-delicates-bureau-ingenieur-son-table-de-mixage-casque-audio-ecouteurs-musique.jpg\",\"tracks\":[{\"audioId\":0,\"audioUrl\":\"http:\\\/\\\/yvesmuguet-infographiste.com\\\/audios\\\/mixages\\\/tinkiette-la-guiguette-prendre-la-plume-enregistrement-musique-irlandaise.wav\",\"artist\":\"Tinquiette La Guinguette\",\"artworkId\":0,\"artworkUrl\":\"\",\"format\":\"\",\"length\":\"01:47\",\"title\":\"Prendre la plume\",\"order\":0,\"wav\":\"http:\\\/\\\/yvesmuguet-infographiste.com\\\/audios\\\/mixages\\\/tinkiette-la-guiguette-prendre-la-plume-enregistrement-musique-irlandaise.wav\",\"meta\":{\"artist\":\"Tinquiette La Guinguette\",\"length_formatted\":\"01:47\"},\"src\":\"http:\\\/\\\/yvesmuguet-infographiste.com\\\/audios\\\/mixages\\\/tinkiette-la-guiguette-prendre-la-plume-enregistrement-musique-irlandaise.wav\",\"thumb\":{\"src\":\"\"}},{\"audioId\":0,\"audioUrl\":\"http:\\\/\\\/yvesmuguet-infographiste.com\\\/audios\\\/mixages\\\/les-dames-en-brunes-en-studio-titre-mixe.wav\",\"artist\":\"Les Dames en Brunes\",\"artworkId\":0,\"artworkUrl\":\"\",\"format\":\"\",\"length\":\"01:11\",\"title\":\"Le titre mix\\u00e9\",\"order\":1,\"wav\":\"http:\\\/\\\/yvesmuguet-infographiste.com\\\/audios\\\/mixages\\\/les-dames-en-brunes-en-studio-titre-mixe.wav\",\"meta\":{\"artist\":\"Les Dames en Brunes\",\"length_formatted\":\"01:11\"},\"src\":\"http:\\\/\\\/yvesmuguet-infographiste.com\\\/audios\\\/mixages\\\/les-dames-en-brunes-en-studio-titre-mixe.wav\",\"thumb\":{\"src\":\"\"}},{\"audioId\":0,\"audioUrl\":\"http:\\\/\\\/yvesmuguet-infographiste.com\\\/audios\\\/mixages\\\/piano-a-queue-yamaha-g3-studio-d-enregistrement-rhone-alpes.wav\",\"artist\":\"Oreilles D\\u00e9licates\",\"artworkId\":0,\"artworkUrl\":\"\",\"format\":\"\",\"length\":\"00:39\",\"title\":\"Piano \\u00e0 queue Yamaha G3\",\"order\":2,\"wav\":\"http:\\\/\\\/yvesmuguet-infographiste.com\\\/audios\\\/mixages\\\/piano-a-queue-yamaha-g3-studio-d-enregistrement-rhone-alpes.wav\",\"meta\":{\"artist\":\"Oreilles D\\u00e9licates\",\"length_formatted\":\"00:39\"},\"src\":\"http:\\\/\\\/yvesmuguet-infographiste.com\\\/audios\\\/mixages\\\/piano-a-queue-yamaha-g3-studio-d-enregistrement-rhone-alpes.wav\",\"thumb\":{\"src\":\"\"}}]}<\/script>\n\t\t<\/div>\n<h2>QU&rsquo;EST-CE QUE LE MIXAGE ?<\/h2>\n<p>Le mixage permet de faire <strong>prendre forme<\/strong> \u00e0 des musiques purement <strong>\u00e9lectroacoustiques<\/strong>, c\u2019est-\u00e0-dire qui n\u2019a d\u2019existence et qui ne prend forme qu\u2019\u00e0 l\u2019issue du mixage. D\u2019ailleurs cette probl\u00e9matique a g\u00e9n\u00e9r\u00e9 dans les ann\u00e9es 1980 un certain nombre de r\u00e9flexions, certains groupes de rock \u00e9tant incapables de se produire \u00e0 l\u2019identique sur sc\u00e8ne.<\/p>\n<p>Progressivement, les p\u00e9riph\u00e9riques ont offert de nouveaux moyens de <strong>traitement des sons<\/strong> enregistr\u00e9s ou cr\u00e9\u00e9s. Les p\u00e9riph\u00e9riques ont \u00e9t\u00e9 d\u2019abord hardware et la fiert\u00e9 et la r\u00e9putation des studios d\u2019enregistrement, puis, avec l\u2019apparition du <strong>num\u00e9rique<\/strong> et les <strong>logiciels sp\u00e9cialis\u00e9s<\/strong>, sont devenus softwares d\u00e9nomm\u00e9s <strong>plug-ins<\/strong>. Pour certaines musiques, utilisant essentiellement des outils (ou instruments) \u00e9lectroniques boucles, Midi etc, la fronti\u00e8re entre prise de son et mixage devient plus floue.<\/p>\n<p>&nbsp;<\/p>\n<h2>LA MIXAGE OREILLES D\u00c9LICATES<\/h2>\n<p><img loading=\"lazy\" class=\"alignnone\" src=\"http:\/\/www.yvesmuguet-infographiste.com\/site-fictif-oreilles-delicates\/wp-content\/uploads\/2016\/07\/mixage-oreilles-delicates-bureau-ingenieur-son-table-de-mixage-casque-audio-ecouteurs-musique-905x350.jpg\" width=\"905\" height=\"350\" \/><\/p>\n<p><strong>Nous r\u00e9alisons des mixages pour tout style de musique, documentaire ou film d\u2019entreprise.<\/strong><\/p>\n<blockquote><p>Nous mixons en st\u00e9r\u00e9o. Convertisseurs Tr\u00e8s Haut de Gamme et Traitement FULL Num\u00e9rique !<\/p><\/blockquote>\n<p>Notre cabine \u00e9quip\u00e9e en projection vid\u00e9o permet le mixage de musique \u00e0 l\u2019image, avec un syst\u00e8me de monitoring en 5.1 (son surround).<br \/>\nNous utilisons trois gammes d\u2019\u00e9coutes diff\u00e9rentes pour garantir la qualit\u00e9 et la portabilit\u00e9 du r\u00e9sultat :<\/p>\n<ul>\n<li>Monitors haut de gamme Focal Twin 6<\/li>\n<li>\u00c9coutes Hi-Fi<\/li>\n<li>Enceintes multim\u00e9dia<\/li>\n<\/ul>\n<p>L\u2019acoustique de notre cabine d\u2019\u00e9coute r\u00e9pond aux crit\u00e8res les plus exigeants des cabines de type LEDE.<br \/>\nAjoutez une station de travail Pyramix, des <strong>convertisseurs Tr\u00e8s Haut de Gamme<\/strong> (Horus de Merging Technology) et vous comprendrez pourquoi nos travaux ont la r\u00e9putation d\u2019\u00eatre des <strong>mixages dynamiques, pr\u00e9cis, amples et avec beaucoup de profondeur<\/strong>.<\/p>\n<p>Gr\u00e2ce aux comp\u00e9tences acquises au <strong>centre de formation de l\u2019INA<\/strong>, mais aussi \u00e0 sa formation musicale (\u00e9criture musicale, harmonie, arrangement jazz), pour le mastering comme pour le mixage, <strong>Fr\u00e9d\u00e9ric FINAND<\/strong>, notre ing\u00e9nieur du son saura trouver le son qui mettra votre <strong>musique en valeur<\/strong>.<br \/>\nL\u2019ensemble des traitements est r\u00e9alis\u00e9 en num\u00e9rique, avec des processus aussi simples que des \u00e9galiseurs \u00e0 phase constante, des g\u00e9n\u00e9rateurs d\u2019harmoniques et autres compresseurs traditionnels !<\/p>\n<p>&nbsp;<\/p>\n","protected":false},"excerpt":{"rendered":"<p>QU&rsquo;EST-CE QUE LE MIXAGE ? Le mixage permet de faire prendre forme \u00e0 des musiques purement \u00e9lectroacoustiques, c\u2019est-\u00e0-dire qui n\u2019a d\u2019existence et qui ne prend forme qu\u2019\u00e0 l\u2019issue du mixage. D\u2019ailleurs cette probl\u00e9matique a g\u00e9n\u00e9r\u00e9 dans les ann\u00e9es 1980 un certain nombre de r\u00e9flexions, certains groupes de rock \u00e9tant incapables de se produire \u00e0 l\u2019identique [&hellip;]<\/p>\n","protected":false},"author":1,"featured_media":0,"parent":18,"menu_order":2,"comment_status":"closed","ping_status":"closed","template":"template-blue.php","meta":[],"_links":{"self":[{"href":"http:\/\/www.yvesmuguet-infographiste.com\/site-fictif-oreilles-delicates\/wp-json\/wp\/v2\/pages\/71"}],"collection":[{"href":"http:\/\/www.yvesmuguet-infographiste.com\/site-fictif-oreilles-delicates\/wp-json\/wp\/v2\/pages"}],"about":[{"href":"http:\/\/www.yvesmuguet-infographiste.com\/site-fictif-oreilles-delicates\/wp-json\/wp\/v2\/types\/page"}],"author":[{"embeddable":true,"href":"http:\/\/www.yvesmuguet-infographiste.com\/site-fictif-oreilles-delicates\/wp-json\/wp\/v2\/users\/1"}],"replies":[{"embeddable":true,"href":"http:\/\/www.yvesmuguet-infographiste.com\/site-fictif-oreilles-delicates\/wp-json\/wp\/v2\/comments?post=71"}],"version-history":[{"count":11,"href":"http:\/\/www.yvesmuguet-infographiste.com\/site-fictif-oreilles-delicates\/wp-json\/wp\/v2\/pages\/71\/revisions"}],"predecessor-version":[{"id":380,"href":"http:\/\/www.yvesmuguet-infographiste.com\/site-fictif-oreilles-delicates\/wp-json\/wp\/v2\/pages\/71\/revisions\/380"}],"up":[{"embeddable":true,"href":"http:\/\/www.yvesmuguet-infographiste.com\/site-fictif-oreilles-delicates\/wp-json\/wp\/v2\/pages\/18"}],"wp:attachment":[{"href":"http:\/\/www.yvesmuguet-infographiste.com\/site-fictif-oreilles-delicates\/wp-json\/wp\/v2\/media?parent=71"}],"curies":[{"name":"wp","href":"https:\/\/api.w.org\/{rel}","templated":true}]}}