{"id":73,"date":"2016-07-04T16:40:02","date_gmt":"2016-07-04T14:40:02","guid":{"rendered":"http:\/\/www.yvesmuguet-infographiste.com\/site-fictif-oreilles-delicates\/?page_id=73"},"modified":"2016-07-07T15:53:05","modified_gmt":"2016-07-07T13:53:05","slug":"audios-de-masterings","status":"publish","type":"page","link":"http:\/\/www.yvesmuguet-infographiste.com\/site-fictif-oreilles-delicates\/coute\/audios-de-masterings\/","title":{"rendered":"AUDIOS DE MASTERINGS"},"content":{"rendered":"<div class=\"cue-playlist-container\">\n<div class=\"cue-playlist cue-theme-default\" itemscope itemtype=\"http:\/\/schema.org\/MusicPlaylist\">\n\t\n\t<meta itemprop=\"numTracks\" content=\"9\" \/>\n\n\t<audio src=\"http:\/\/yvesmuguet-infographiste.com\/audios\/masterings\/les-dames-en-brunes-en-studio-le-master.wav\" controls preload=\"none\" class=\"cue-audio\" style=\"width: 100%; height: auto\"><\/audio>\n\n\t<ol class=\"cue-tracks\">\n\t\t\t\t\t<li class=\"cue-track\" itemprop=\"track\" itemscope itemtype=\"http:\/\/schema.org\/MusicRecording\">\n\t\t\t\t\n\t\t\t\t<span class=\"cue-track-details cue-track-cell\">\n\t\t\t\t\t<span class=\"cue-track-title\" itemprop=\"name\">Le master<\/span>\n\t\t\t\t\t<span class=\"cue-track-artist\" itemprop=\"byArtist\">Les Dames en Brunes<\/span>\n\t\t\t\t<\/span>\n\n\t\t\t\t\n\t\t\t\t<span class=\"cue-track-length cue-track-cell\">01:11<\/span>\n\n\t\t\t\t\t\t\t<\/li>\n\t\t\t\t\t<li class=\"cue-track\" itemprop=\"track\" itemscope itemtype=\"http:\/\/schema.org\/MusicRecording\">\n\t\t\t\t\n\t\t\t\t<span class=\"cue-track-details cue-track-cell\">\n\t\t\t\t\t<span class=\"cue-track-title\" itemprop=\"name\">Vole<\/span>\n\t\t\t\t\t<span class=\"cue-track-artist\" itemprop=\"byArtist\">MILIVOIZ<\/span>\n\t\t\t\t<\/span>\n\n\t\t\t\t\n\t\t\t\t<span class=\"cue-track-length cue-track-cell\">01:06<\/span>\n\n\t\t\t\t\t\t\t<\/li>\n\t\t\t\t\t<li class=\"cue-track\" itemprop=\"track\" itemscope itemtype=\"http:\/\/schema.org\/MusicRecording\">\n\t\t\t\t\n\t\t\t\t<span class=\"cue-track-details cue-track-cell\">\n\t\t\t\t\t<span class=\"cue-track-title\" itemprop=\"name\">Under Kontrol<\/span>\n\t\t\t\t\t<span class=\"cue-track-artist\" itemprop=\"byArtist\">NYX<\/span>\n\t\t\t\t<\/span>\n\n\t\t\t\t\n\t\t\t\t<span class=\"cue-track-length cue-track-cell\">0:44<\/span>\n\n\t\t\t\t\t\t\t<\/li>\n\t\t\t\t\t<li class=\"cue-track\" itemprop=\"track\" itemscope itemtype=\"http:\/\/schema.org\/MusicRecording\">\n\t\t\t\t\n\t\t\t\t<span class=\"cue-track-details cue-track-cell\">\n\t\t\t\t\t<span class=\"cue-track-title\" itemprop=\"name\">2 \u00e9gale 3 et m\u00eame plus parfois<\/span>\n\t\t\t\t\t<span class=\"cue-track-artist\" itemprop=\"byArtist\">MILIVOIZ<\/span>\n\t\t\t\t<\/span>\n\n\t\t\t\t\n\t\t\t\t<span class=\"cue-track-length cue-track-cell\">01:19<\/span>\n\n\t\t\t\t\t\t\t<\/li>\n\t\t\t\t\t<li class=\"cue-track\" itemprop=\"track\" itemscope itemtype=\"http:\/\/schema.org\/MusicRecording\">\n\t\t\t\t\n\t\t\t\t<span class=\"cue-track-details cue-track-cell\">\n\t\t\t\t\t<span class=\"cue-track-title\" itemprop=\"name\">Looking down<\/span>\n\t\t\t\t\t<span class=\"cue-track-artist\" itemprop=\"byArtist\">Tisiphone<\/span>\n\t\t\t\t<\/span>\n\n\t\t\t\t\n\t\t\t\t<span class=\"cue-track-length cue-track-cell\">00:44<\/span>\n\n\t\t\t\t\t\t\t<\/li>\n\t\t\t\t\t<li class=\"cue-track\" itemprop=\"track\" itemscope itemtype=\"http:\/\/schema.org\/MusicRecording\">\n\t\t\t\t\n\t\t\t\t<span class=\"cue-track-details cue-track-cell\">\n\t\t\t\t\t<span class=\"cue-track-title\" itemprop=\"name\">Si tu savais<\/span>\n\t\t\t\t\t<span class=\"cue-track-artist\" itemprop=\"byArtist\">FILIPPO CUTAIA<\/span>\n\t\t\t\t<\/span>\n\n\t\t\t\t\n\t\t\t\t<span class=\"cue-track-length cue-track-cell\">01:00<\/span>\n\n\t\t\t\t\t\t\t<\/li>\n\t\t\t\t\t<li class=\"cue-track\" itemprop=\"track\" itemscope itemtype=\"http:\/\/schema.org\/MusicRecording\">\n\t\t\t\t\n\t\t\t\t<span class=\"cue-track-details cue-track-cell\">\n\t\t\t\t\t<span class=\"cue-track-title\" itemprop=\"name\">Bienvenue<\/span>\n\t\t\t\t\t<span class=\"cue-track-artist\" itemprop=\"byArtist\">MILIVOIZ<\/span>\n\t\t\t\t<\/span>\n\n\t\t\t\t\n\t\t\t\t<span class=\"cue-track-length cue-track-cell\">01:00<\/span>\n\n\t\t\t\t\t\t\t<\/li>\n\t\t\t\t\t<li class=\"cue-track\" itemprop=\"track\" itemscope itemtype=\"http:\/\/schema.org\/MusicRecording\">\n\t\t\t\t\n\t\t\t\t<span class=\"cue-track-details cue-track-cell\">\n\t\t\t\t\t<span class=\"cue-track-title\" itemprop=\"name\">Les p'tites chaussettes<\/span>\n\t\t\t\t\t<span class=\"cue-track-artist\" itemprop=\"byArtist\">MILIVOIZ<\/span>\n\t\t\t\t<\/span>\n\n\t\t\t\t\n\t\t\t\t<span class=\"cue-track-length cue-track-cell\">01:07<\/span>\n\n\t\t\t\t\t\t\t<\/li>\n\t\t\t\t\t<li class=\"cue-track\" itemprop=\"track\" itemscope itemtype=\"http:\/\/schema.org\/MusicRecording\">\n\t\t\t\t\n\t\t\t\t<span class=\"cue-track-details cue-track-cell\">\n\t\t\t\t\t<span class=\"cue-track-title\" itemprop=\"name\">Paloma mon enfant<\/span>\n\t\t\t\t\t<span class=\"cue-track-artist\" itemprop=\"byArtist\">MILIVOIZ<\/span>\n\t\t\t\t<\/span>\n\n\t\t\t\t\n\t\t\t\t<span class=\"cue-track-length cue-track-cell\">00:56<\/span>\n\n\t\t\t\t\t\t\t<\/li>\n\t\t\t<\/ol>\n\n\t<\/div>\n\t\t<script type=\"application\/json\" class=\"cue-playlist-data\">{\"embed_link\":\"http:\\\/\\\/www.yvesmuguet-infographiste.com\\\/site-fictif-oreilles-delicates\\\/?cue_embed=prises-de-son&cue_theme=default\",\"permalink\":\"http:\\\/\\\/www.yvesmuguet-infographiste.com\\\/site-fictif-oreilles-delicates\\\/?cue_playlist=prises-de-son\",\"skin\":\"cue-skin-default\",\"thumbnail\":\"http:\\\/\\\/www.yvesmuguet-infographiste.com\\\/site-fictif-oreilles-delicates\\\/wp-content\\\/uploads\\\/2016\\\/07\\\/mastering-oreilles-delicates-bureau-ingenieur-son-ecouteurs-ecrans-clavier-souris-ampli-musique.jpg\",\"tracks\":[{\"audioId\":0,\"audioUrl\":\"http:\\\/\\\/yvesmuguet-infographiste.com\\\/audios\\\/masterings\\\/les-dames-en-brunes-en-studio-le-master.wav\",\"artist\":\"Les Dames en Brunes\",\"artworkId\":0,\"artworkUrl\":\"\",\"format\":\"\",\"length\":\"01:11\",\"title\":\"Le master\",\"order\":0,\"wav\":\"http:\\\/\\\/yvesmuguet-infographiste.com\\\/audios\\\/masterings\\\/les-dames-en-brunes-en-studio-le-master.wav\",\"meta\":{\"artist\":\"Les Dames en Brunes\",\"length_formatted\":\"01:11\"},\"src\":\"http:\\\/\\\/yvesmuguet-infographiste.com\\\/audios\\\/masterings\\\/les-dames-en-brunes-en-studio-le-master.wav\",\"thumb\":{\"src\":\"\"}},{\"audioId\":0,\"audioUrl\":\"http:\\\/\\\/yvesmuguet-infographiste.com\\\/audios\\\/masterings\\\/milivoiz-le-son-du-cordon-vole.wav\",\"artist\":\"MILIVOIZ\",\"artworkId\":0,\"artworkUrl\":\"\",\"format\":\"\",\"length\":\"01:06\",\"title\":\"Vole\",\"order\":1,\"wav\":\"http:\\\/\\\/yvesmuguet-infographiste.com\\\/audios\\\/masterings\\\/milivoiz-le-son-du-cordon-vole.wav\",\"meta\":{\"artist\":\"MILIVOIZ\",\"length_formatted\":\"01:06\"},\"src\":\"http:\\\/\\\/yvesmuguet-infographiste.com\\\/audios\\\/masterings\\\/milivoiz-le-son-du-cordon-vole.wav\",\"thumb\":{\"src\":\"\"}},{\"audioId\":0,\"audioUrl\":\"http:\\\/\\\/www.yvesmuguet-infographiste.com\\\/audios\\\/masterings\\\/NYX-Under-Kontrol-mastering-musique-electronique-oreilles-delicates.wav\",\"artist\":\"NYX\",\"artworkId\":0,\"artworkUrl\":\"\",\"format\":\"\",\"length\":\"0:44\",\"title\":\"Under Kontrol\",\"order\":2,\"wav\":\"http:\\\/\\\/www.yvesmuguet-infographiste.com\\\/audios\\\/masterings\\\/NYX-Under-Kontrol-mastering-musique-electronique-oreilles-delicates.wav\",\"meta\":{\"artist\":\"NYX\",\"length_formatted\":\"0:44\"},\"src\":\"http:\\\/\\\/www.yvesmuguet-infographiste.com\\\/audios\\\/masterings\\\/NYX-Under-Kontrol-mastering-musique-electronique-oreilles-delicates.wav\",\"thumb\":{\"src\":\"\"}},{\"audioId\":0,\"audioUrl\":\"http:\\\/\\\/yvesmuguet-infographiste.com\\\/audios\\\/masterings\\\/milivoiz-le-son-du-cordon-2-egale-3-et-meme-plus-parfois.wav\",\"artist\":\"MILIVOIZ\",\"artworkId\":0,\"artworkUrl\":\"\",\"format\":\"\",\"length\":\"01:19\",\"title\":\"2 \\u00e9gale 3 et m\\u00eame plus parfois\",\"order\":3,\"wav\":\"http:\\\/\\\/yvesmuguet-infographiste.com\\\/audios\\\/masterings\\\/milivoiz-le-son-du-cordon-2-egale-3-et-meme-plus-parfois.wav\",\"meta\":{\"artist\":\"MILIVOIZ\",\"length_formatted\":\"01:19\"},\"src\":\"http:\\\/\\\/yvesmuguet-infographiste.com\\\/audios\\\/masterings\\\/milivoiz-le-son-du-cordon-2-egale-3-et-meme-plus-parfois.wav\",\"thumb\":{\"src\":\"\"}},{\"audioId\":0,\"audioUrl\":\"http:\\\/\\\/www.yvesmuguet-infographiste.com\\\/audios\\\/masterings\\\/Tisiphone-Looking-Down-Mastering-Cold-Wave.wav\",\"artist\":\"Tisiphone\",\"artworkId\":0,\"artworkUrl\":\"\",\"format\":\"\",\"length\":\"00:44\",\"title\":\"Looking down\",\"order\":4,\"wav\":\"http:\\\/\\\/www.yvesmuguet-infographiste.com\\\/audios\\\/masterings\\\/Tisiphone-Looking-Down-Mastering-Cold-Wave.wav\",\"meta\":{\"artist\":\"Tisiphone\",\"length_formatted\":\"00:44\"},\"src\":\"http:\\\/\\\/www.yvesmuguet-infographiste.com\\\/audios\\\/masterings\\\/Tisiphone-Looking-Down-Mastering-Cold-Wave.wav\",\"thumb\":{\"src\":\"\"}},{\"audioId\":0,\"audioUrl\":\"http:\\\/\\\/www.yvesmuguet-infographiste.com\\\/audios\\\/masterings\\\/FILIPPO-CUTAIA-Si-tu-savais-mastering-musique-metissee-oreilles-delicates.wav\",\"artist\":\"FILIPPO CUTAIA\",\"artworkId\":0,\"artworkUrl\":\"\",\"format\":\"\",\"length\":\"01:00\",\"title\":\"Si tu savais\",\"order\":5,\"wav\":\"http:\\\/\\\/www.yvesmuguet-infographiste.com\\\/audios\\\/masterings\\\/FILIPPO-CUTAIA-Si-tu-savais-mastering-musique-metissee-oreilles-delicates.wav\",\"meta\":{\"artist\":\"FILIPPO CUTAIA\",\"length_formatted\":\"01:00\"},\"src\":\"http:\\\/\\\/www.yvesmuguet-infographiste.com\\\/audios\\\/masterings\\\/FILIPPO-CUTAIA-Si-tu-savais-mastering-musique-metissee-oreilles-delicates.wav\",\"thumb\":{\"src\":\"\"}},{\"audioId\":0,\"audioUrl\":\"http:\\\/\\\/yvesmuguet-infographiste.com\\\/audios\\\/masterings\\\/milivoiz-le-son-du-cordon-bienvenue.wav\",\"artist\":\"MILIVOIZ\",\"artworkId\":0,\"artworkUrl\":\"\",\"format\":\"\",\"length\":\"01:00\",\"title\":\"Bienvenue\",\"order\":6,\"wav\":\"http:\\\/\\\/yvesmuguet-infographiste.com\\\/audios\\\/masterings\\\/milivoiz-le-son-du-cordon-bienvenue.wav\",\"meta\":{\"artist\":\"MILIVOIZ\",\"length_formatted\":\"01:00\"},\"src\":\"http:\\\/\\\/yvesmuguet-infographiste.com\\\/audios\\\/masterings\\\/milivoiz-le-son-du-cordon-bienvenue.wav\",\"thumb\":{\"src\":\"\"}},{\"audioId\":0,\"audioUrl\":\"http:\\\/\\\/yvesmuguet-infographiste.com\\\/audios\\\/masterings\\\/milivoiz-le-son-du-cordon-les-ptites-chaussettes.wav\",\"artist\":\"MILIVOIZ\",\"artworkId\":0,\"artworkUrl\":\"\",\"format\":\"\",\"length\":\"01:07\",\"title\":\"Les p'tites chaussettes\",\"order\":7,\"wav\":\"http:\\\/\\\/yvesmuguet-infographiste.com\\\/audios\\\/masterings\\\/milivoiz-le-son-du-cordon-les-ptites-chaussettes.wav\",\"meta\":{\"artist\":\"MILIVOIZ\",\"length_formatted\":\"01:07\"},\"src\":\"http:\\\/\\\/yvesmuguet-infographiste.com\\\/audios\\\/masterings\\\/milivoiz-le-son-du-cordon-les-ptites-chaussettes.wav\",\"thumb\":{\"src\":\"\"}},{\"audioId\":0,\"audioUrl\":\"http:\\\/\\\/yvesmuguet-infographiste.com\\\/audios\\\/masterings\\\/milivoiz-le-son-du-cordon-paloma-mon-enfant.wav\",\"artist\":\"MILIVOIZ\",\"artworkId\":0,\"artworkUrl\":\"\",\"format\":\"\",\"length\":\"00:56\",\"title\":\"Paloma mon enfant\",\"order\":8,\"wav\":\"http:\\\/\\\/yvesmuguet-infographiste.com\\\/audios\\\/masterings\\\/milivoiz-le-son-du-cordon-paloma-mon-enfant.wav\",\"meta\":{\"artist\":\"MILIVOIZ\",\"length_formatted\":\"00:56\"},\"src\":\"http:\\\/\\\/yvesmuguet-infographiste.com\\\/audios\\\/masterings\\\/milivoiz-le-son-du-cordon-paloma-mon-enfant.wav\",\"thumb\":{\"src\":\"\"}}]}<\/script>\n\t\t<\/div>\n<h2><\/h2>\n<h2>QU&rsquo;EST-CE QUE LE MASTERING ?<\/h2>\n<p>C&rsquo;est la derni\u00e8re \u00e9tape avant la <strong>fabrication en s\u00e9rie du disque<\/strong> ou de l\u2019<strong>enregistrement (DVD)<\/strong>. Consiste \u00e0 <strong>\u00e9galiser les niveaux et les couleurs<\/strong> dans le but de <strong>rendre homog\u00e8ne<\/strong> le CD. Il arrive que le mixeur livre au mastering plusieurs sous-groupes de mixage s\u00e9par\u00e9s par exemple un sous-groupe pour l\u2019orchestre et un autre pour la voix, afin de permettre un <strong>travail plus sophistiqu\u00e9<\/strong>.<\/p>\n<p>&nbsp;<\/p>\n<h2>LE MASTERING OREILLES D\u00c9LICATES<\/h2>\n<p><img loading=\"lazy\" class=\"alignnone\" src=\"http:\/\/www.yvesmuguet-infographiste.com\/site-fictif-oreilles-delicates\/wp-content\/uploads\/2016\/07\/mastering-oreilles-delicates-bureau-ingenieur-son-ecouteurs-ecrans-clavier-souris-ampli-musique-758x350.jpg\" width=\"758\" height=\"350\" \/><\/p>\n<p><strong>Pourquoi faire un mastering ?<\/strong><\/p>\n<blockquote><p>Le mastering peut corriger quelques d\u00e9fauts, mais il doit surtout sublimer le son de votre disque ! Un mastering fait avec pr\u00e9cision va mettre en valeur la qualit\u00e9 du mixage et en estomper les faiblesses.<\/p><\/blockquote>\n<p>Chez Oreilles D\u00e9licates, pas de course au d\u00e9cibel ! pour un <strong>mastering performant<\/strong>, nos pr\u00e9occupations se tournent plut\u00f4t vers une <strong>recherche de profondeur, d\u2019espace, d\u2019a\u00e9ration et de clart\u00e9<\/strong>.<br \/>\nPas question non plus d\u2019appliquer des traitements syst\u00e9matiques. La premi\u00e8re \u00e9tape apr\u00e8s \u00e9coute de votre musique, est de discuter de <strong>vos souhaits<\/strong>.<\/p>\n<p>Mieux encore, <a href=\"http:\/\/www.yvesmuguet-infographiste.com\/site-fictif-oreilles-delicates\/contact\/\">demandez un <strong><span class=\"gras_rouge\">essai gratuit<\/span><\/strong><\/a> sur votre propre musique (d\u00e9mo sur 3 mn de musique).<\/p>\n<p>Parce que la transmission des donn\u00e9es \u00e0 votre presseur de CD est critique, Oreilles D\u00e9licates est l\u2019un des rares studio de mastering en Rh\u00f4ne-Alpes \u00e0 pouvoir fournir un master au <strong>format image DDP<\/strong> (Disc Description Protocol), seul <strong>moyen de transfert garanti sans erreur<\/strong>.<\/p>\n<p>&nbsp;<\/p>\n","protected":false},"excerpt":{"rendered":"<p>QU&rsquo;EST-CE QUE LE MASTERING ? C&rsquo;est la derni\u00e8re \u00e9tape avant la fabrication en s\u00e9rie du disque ou de l\u2019enregistrement (DVD). Consiste \u00e0 \u00e9galiser les niveaux et les couleurs dans le but de rendre homog\u00e8ne le CD. Il arrive que le mixeur livre au mastering plusieurs sous-groupes de mixage s\u00e9par\u00e9s par exemple un sous-groupe pour l\u2019orchestre [&hellip;]<\/p>\n","protected":false},"author":1,"featured_media":0,"parent":18,"menu_order":3,"comment_status":"closed","ping_status":"closed","template":"template-red.php","meta":[],"_links":{"self":[{"href":"http:\/\/www.yvesmuguet-infographiste.com\/site-fictif-oreilles-delicates\/wp-json\/wp\/v2\/pages\/73"}],"collection":[{"href":"http:\/\/www.yvesmuguet-infographiste.com\/site-fictif-oreilles-delicates\/wp-json\/wp\/v2\/pages"}],"about":[{"href":"http:\/\/www.yvesmuguet-infographiste.com\/site-fictif-oreilles-delicates\/wp-json\/wp\/v2\/types\/page"}],"author":[{"embeddable":true,"href":"http:\/\/www.yvesmuguet-infographiste.com\/site-fictif-oreilles-delicates\/wp-json\/wp\/v2\/users\/1"}],"replies":[{"embeddable":true,"href":"http:\/\/www.yvesmuguet-infographiste.com\/site-fictif-oreilles-delicates\/wp-json\/wp\/v2\/comments?post=73"}],"version-history":[{"count":13,"href":"http:\/\/www.yvesmuguet-infographiste.com\/site-fictif-oreilles-delicates\/wp-json\/wp\/v2\/pages\/73\/revisions"}],"predecessor-version":[{"id":371,"href":"http:\/\/www.yvesmuguet-infographiste.com\/site-fictif-oreilles-delicates\/wp-json\/wp\/v2\/pages\/73\/revisions\/371"}],"up":[{"embeddable":true,"href":"http:\/\/www.yvesmuguet-infographiste.com\/site-fictif-oreilles-delicates\/wp-json\/wp\/v2\/pages\/18"}],"wp:attachment":[{"href":"http:\/\/www.yvesmuguet-infographiste.com\/site-fictif-oreilles-delicates\/wp-json\/wp\/v2\/media?parent=73"}],"curies":[{"name":"wp","href":"https:\/\/api.w.org\/{rel}","templated":true}]}}