{"id":75,"date":"2016-07-04T16:44:31","date_gmt":"2016-07-04T14:44:31","guid":{"rendered":"http:\/\/www.yvesmuguet-infographiste.com\/site-fictif-oreilles-delicates\/?page_id=75"},"modified":"2016-07-07T17:08:10","modified_gmt":"2016-07-07T15:08:10","slug":"audios-de-son-binaural-3d","status":"publish","type":"page","link":"http:\/\/www.yvesmuguet-infographiste.com\/site-fictif-oreilles-delicates\/coute\/audios-de-son-binaural-3d\/","title":{"rendered":"AUDIOS DE SON BINAURAL 3D"},"content":{"rendered":"<div class=\"cue-playlist-container\">\n<div class=\"cue-playlist cue-theme-default\" itemscope itemtype=\"http:\/\/schema.org\/MusicPlaylist\">\n\t\n\t<meta itemprop=\"numTracks\" content=\"4\" \/>\n\n\t<audio src=\"http:\/\/www.yvesmuguet-infographiste.com\/audios\/son-binaural-3d\/le-son-binaural-ou-son-3D-sans-pavillons.wav\" controls preload=\"none\" class=\"cue-audio\" style=\"width: 100%; height: auto\"><\/audio>\n\n\t<ol class=\"cue-tracks\">\n\t\t\t\t\t<li class=\"cue-track\" itemprop=\"track\" itemscope itemtype=\"http:\/\/schema.org\/MusicRecording\">\n\t\t\t\t\n\t\t\t\t<span class=\"cue-track-details cue-track-cell\">\n\t\t\t\t\t<span class=\"cue-track-title\" itemprop=\"name\">Le son binaural 3D sans pavillons<\/span>\n\t\t\t\t\t<span class=\"cue-track-artist\" itemprop=\"byArtist\">Oreilles D\u00e9licates<\/span>\n\t\t\t\t<\/span>\n\n\t\t\t\t\n\t\t\t\t<span class=\"cue-track-length cue-track-cell\">00:46<\/span>\n\n\t\t\t\t\t\t\t<\/li>\n\t\t\t\t\t<li class=\"cue-track\" itemprop=\"track\" itemscope itemtype=\"http:\/\/schema.org\/MusicRecording\">\n\t\t\t\t\n\t\t\t\t<span class=\"cue-track-details cue-track-cell\">\n\t\t\t\t\t<span class=\"cue-track-title\" itemprop=\"name\">Le son binaural 3D sans pavillons<\/span>\n\t\t\t\t\t<span class=\"cue-track-artist\" itemprop=\"byArtist\">Oreilles D\u00e9licates<\/span>\n\t\t\t\t<\/span>\n\n\t\t\t\t\n\t\t\t\t<span class=\"cue-track-length cue-track-cell\">00:47<\/span>\n\n\t\t\t\t\t\t\t<\/li>\n\t\t\t\t\t<li class=\"cue-track\" itemprop=\"track\" itemscope itemtype=\"http:\/\/schema.org\/MusicRecording\">\n\t\t\t\t\n\t\t\t\t<span class=\"cue-track-details cue-track-cell\">\n\t\t\t\t\t<span class=\"cue-track-title\" itemprop=\"name\">Prise de son traditionnelle<\/span>\n\t\t\t\t\t<span class=\"cue-track-artist\" itemprop=\"byArtist\">Brahms<\/span>\n\t\t\t\t<\/span>\n\n\t\t\t\t\n\t\t\t\t<span class=\"cue-track-length cue-track-cell\">00:57<\/span>\n\n\t\t\t\t\t\t\t<\/li>\n\t\t\t\t\t<li class=\"cue-track\" itemprop=\"track\" itemscope itemtype=\"http:\/\/schema.org\/MusicRecording\">\n\t\t\t\t\n\t\t\t\t<span class=\"cue-track-details cue-track-cell\">\n\t\t\t\t\t<span class=\"cue-track-title\" itemprop=\"name\">Prise immersive t\u00eate artificielle<\/span>\n\t\t\t\t\t<span class=\"cue-track-artist\" itemprop=\"byArtist\">Brahms<\/span>\n\t\t\t\t<\/span>\n\n\t\t\t\t\n\t\t\t\t<span class=\"cue-track-length cue-track-cell\">00:57<\/span>\n\n\t\t\t\t\t\t\t<\/li>\n\t\t\t<\/ol>\n\n\t<\/div>\n\t\t<script type=\"application\/json\" class=\"cue-playlist-data\">{\"embed_link\":\"http:\\\/\\\/www.yvesmuguet-infographiste.com\\\/site-fictif-oreilles-delicates\\\/?cue_embed=son-binaural-3d&cue_theme=default\",\"permalink\":\"http:\\\/\\\/www.yvesmuguet-infographiste.com\\\/site-fictif-oreilles-delicates\\\/?cue_playlist=son-binaural-3d\",\"skin\":\"cue-skin-default\",\"thumbnail\":\"http:\\\/\\\/www.yvesmuguet-infographiste.com\\\/site-fictif-oreilles-delicates\\\/wp-content\\\/uploads\\\/2016\\\/07\\\/son-binaural-3d-oreilles-delicates-bureau-ingenieur-son-casque-audio-ecouteurs-ecrans-clavier-souris-cd-musique.jpg\",\"tracks\":[{\"audioId\":0,\"audioUrl\":\"http:\\\/\\\/www.yvesmuguet-infographiste.com\\\/audios\\\/son-binaural-3d\\\/le-son-binaural-ou-son-3D-sans-pavillons.wav\",\"artist\":\"Oreilles D\\u00e9licates\",\"artworkId\":0,\"artworkUrl\":\"\",\"format\":\"\",\"length\":\"00:46\",\"title\":\"Le son binaural 3D sans pavillons\",\"order\":0,\"wav\":\"http:\\\/\\\/www.yvesmuguet-infographiste.com\\\/audios\\\/son-binaural-3d\\\/le-son-binaural-ou-son-3D-sans-pavillons.wav\",\"meta\":{\"artist\":\"Oreilles D\\u00e9licates\",\"length_formatted\":\"00:46\"},\"src\":\"http:\\\/\\\/www.yvesmuguet-infographiste.com\\\/audios\\\/son-binaural-3d\\\/le-son-binaural-ou-son-3D-sans-pavillons.wav\",\"thumb\":{\"src\":\"\"}},{\"audioId\":0,\"audioUrl\":\"http:\\\/\\\/www.yvesmuguet-infographiste.com\\\/audios\\\/son-binaural-3d\\\/le-son-binaural-ou-son-3D-avec-pavillons.wav\",\"artist\":\"Oreilles D\\u00e9licates\",\"artworkId\":0,\"artworkUrl\":\"\",\"format\":\"\",\"length\":\"00:47\",\"title\":\"Le son binaural 3D sans pavillons\",\"order\":1,\"wav\":\"http:\\\/\\\/www.yvesmuguet-infographiste.com\\\/audios\\\/son-binaural-3d\\\/le-son-binaural-ou-son-3D-avec-pavillons.wav\",\"meta\":{\"artist\":\"Oreilles D\\u00e9licates\",\"length_formatted\":\"00:47\"},\"src\":\"http:\\\/\\\/www.yvesmuguet-infographiste.com\\\/audios\\\/son-binaural-3d\\\/le-son-binaural-ou-son-3D-avec-pavillons.wav\",\"thumb\":{\"src\":\"\"}},{\"audioId\":0,\"audioUrl\":\"http:\\\/\\\/www.yvesmuguet-infographiste.com\\\/audios\\\/son-binaural-3d\\\/brahms-prise-traditionnelle.wav\",\"artist\":\"Brahms\",\"artworkId\":0,\"artworkUrl\":\"\",\"format\":\"\",\"length\":\"00:57\",\"title\":\"Prise de son traditionnelle\",\"order\":2,\"wav\":\"http:\\\/\\\/www.yvesmuguet-infographiste.com\\\/audios\\\/son-binaural-3d\\\/brahms-prise-traditionnelle.wav\",\"meta\":{\"artist\":\"Brahms\",\"length_formatted\":\"00:57\"},\"src\":\"http:\\\/\\\/www.yvesmuguet-infographiste.com\\\/audios\\\/son-binaural-3d\\\/brahms-prise-traditionnelle.wav\",\"thumb\":{\"src\":\"\"}},{\"audioId\":0,\"audioUrl\":\"http:\\\/\\\/www.yvesmuguet-infographiste.com\\\/audios\\\/son-binaural-3d\\\/brahms-prise-tete-artificielle-immersive.wav\",\"artist\":\"Brahms\",\"artworkId\":0,\"artworkUrl\":\"\",\"format\":\"\",\"length\":\"00:57\",\"title\":\"Prise immersive t\\u00eate artificielle\",\"order\":3,\"wav\":\"http:\\\/\\\/www.yvesmuguet-infographiste.com\\\/audios\\\/son-binaural-3d\\\/brahms-prise-tete-artificielle-immersive.wav\",\"meta\":{\"artist\":\"Brahms\",\"length_formatted\":\"00:57\"},\"src\":\"http:\\\/\\\/www.yvesmuguet-infographiste.com\\\/audios\\\/son-binaural-3d\\\/brahms-prise-tete-artificielle-immersive.wav\",\"thumb\":{\"src\":\"\"}}]}<\/script>\n\t\t<\/div>\n<h2><\/h2>\n<h2>QU&rsquo;EST-CE QUE LE SON BINAURAL 3D ?<\/h2>\n<p><img loading=\"lazy\" class=\"alignnone\" src=\"http:\/\/www.yvesmuguet-infographiste.com\/site-fictif-oreilles-delicates\/wp-content\/uploads\/2016\/07\/son-binaural-3d-oreilles-delicates-bureau-ingenieur-son-casque-audio-ecouteurs-ecrans-clavier-souris-cd-musique-1170x350.jpg\" width=\"1170\" height=\"350\" \/><\/p>\n<p>Le son binaural est \u00e9galement connu sous le nom de son 3D car il permet de recr\u00e9er un <strong>espace sonore en 3 dimensions<\/strong> lors d\u2019une <strong>\u00e9coute au casque<\/strong>.<\/p>\n<p>Inspir\u00e9 par les travaux de Bernard Lagnel, on r\u00e9alise des <strong>captations sonores binaurales<\/strong> en utilisant une <strong>t\u00eate artificielle<\/strong>.<\/p>\n<p>Les <strong>prises de son<\/strong> r\u00e9alis\u00e9es avec ces t\u00eates sont <strong>tr\u00e8s r\u00e9alistes<\/strong> et <strong>en \u00e9coutant au casque<\/strong>, on a vraiment l\u2019<strong>impression d\u2019\u00eatre dans le lieu de prise de son<\/strong> (voir autre extrait plus bas).<\/p>\n<p>&nbsp;<\/p>\n<h2>LE SON BINAURAL 3D OREILLES D\u00c9LICATES<\/h2>\n<p><strong><em>\u00c0\u00a0VOS CASQUES. . . PR\u00caT. . . JOUEZ !<\/em><br \/>\n<\/strong><\/p>\n<p><iframe src=\"https:\/\/player.vimeo.com\/video\/133538699\" width=\"640\" height=\"360\" frameborder=\"0\" allowfullscreen=\"allowfullscreen\"><\/iframe><\/p>\n<p><a href=\"https:\/\/vimeo.com\/133538699\">\u00ab\u00a0The Box\u00a0\u00bb &#8211; Le teaser<\/a> de <a href=\"https:\/\/vimeo.com\/user35565699\">JL Rioual<\/a> avec son binaural 3D Oreilles D\u00e9licates sur <a href=\"https:\/\/vimeo.com\">Vimeo<\/a>.<\/p>\n<blockquote><p>Aujourd\u2019hui on peut augmenter encore plus la sensation d\u2019espace en combinant des prises binaurales avec des sources enregistr\u00e9es en proximit\u00e9 puis spatialis\u00e9es en 3D. La raison est simple : les prises binaurales externalisent le son tandis que les prises traditionnelles l\u2019int\u00e9riorisent ! Le mixage pour ce jeu documentaire combine la spatialisation artificielle et les prises de son r\u00e9elles binaurales.<\/p><\/blockquote>\n<p>La t\u00eate et les pavillons r\u00e9alisent des <strong>filtres<\/strong> qui font partie int\u00e9grante des HRTF (<strong>fonction de transfert de la t\u00eate<\/strong>).<\/p>\n<p>La prise traditionnelle donne une <strong>sensation \u00ab\u00a0frontale\u00a0\u00bb<\/strong> tandis que la t\u00eate est plus <strong>immersive<\/strong>. Le timbre est \u00e9galement <strong>plus naturel<\/strong> et le <strong>son respire<\/strong>. . .<\/p>\n<p>Concernant la <strong>spatialisation<\/strong>, on se rend compte \u00e9galement que l\u2019ajout des pavillons augmente la <strong>pr\u00e9cision de localisation<\/strong> et <strong>affine la perception d\u2019\u00e9l\u00e9vation des sons<\/strong>.<\/p>\n<p>Nous disposons de deux mod\u00e8les de t\u00eates artificielles perc\u00e9s diff\u00e9remment pour pouvoir accueillir soit mes Earthworks QTC30, soit des petits DPA 4060 plus discrets.<\/p>\n","protected":false},"excerpt":{"rendered":"<p>QU&rsquo;EST-CE QUE LE SON BINAURAL 3D ? Le son binaural est \u00e9galement connu sous le nom de son 3D car il permet de recr\u00e9er un espace sonore en 3 dimensions lors d\u2019une \u00e9coute au casque. Inspir\u00e9 par les travaux de Bernard Lagnel, on r\u00e9alise des captations sonores binaurales en utilisant une t\u00eate artificielle. Les prises [&hellip;]<\/p>\n","protected":false},"author":1,"featured_media":0,"parent":18,"menu_order":4,"comment_status":"closed","ping_status":"closed","template":"","meta":[],"_links":{"self":[{"href":"http:\/\/www.yvesmuguet-infographiste.com\/site-fictif-oreilles-delicates\/wp-json\/wp\/v2\/pages\/75"}],"collection":[{"href":"http:\/\/www.yvesmuguet-infographiste.com\/site-fictif-oreilles-delicates\/wp-json\/wp\/v2\/pages"}],"about":[{"href":"http:\/\/www.yvesmuguet-infographiste.com\/site-fictif-oreilles-delicates\/wp-json\/wp\/v2\/types\/page"}],"author":[{"embeddable":true,"href":"http:\/\/www.yvesmuguet-infographiste.com\/site-fictif-oreilles-delicates\/wp-json\/wp\/v2\/users\/1"}],"replies":[{"embeddable":true,"href":"http:\/\/www.yvesmuguet-infographiste.com\/site-fictif-oreilles-delicates\/wp-json\/wp\/v2\/comments?post=75"}],"version-history":[{"count":15,"href":"http:\/\/www.yvesmuguet-infographiste.com\/site-fictif-oreilles-delicates\/wp-json\/wp\/v2\/pages\/75\/revisions"}],"predecessor-version":[{"id":383,"href":"http:\/\/www.yvesmuguet-infographiste.com\/site-fictif-oreilles-delicates\/wp-json\/wp\/v2\/pages\/75\/revisions\/383"}],"up":[{"embeddable":true,"href":"http:\/\/www.yvesmuguet-infographiste.com\/site-fictif-oreilles-delicates\/wp-json\/wp\/v2\/pages\/18"}],"wp:attachment":[{"href":"http:\/\/www.yvesmuguet-infographiste.com\/site-fictif-oreilles-delicates\/wp-json\/wp\/v2\/media?parent=75"}],"curies":[{"name":"wp","href":"https:\/\/api.w.org\/{rel}","templated":true}]}}